{"id":7735,"date":"2024-04-25T10:58:36","date_gmt":"2024-04-25T14:59:52","guid":{"rendered":"https:\/\/mattech.ca\/?post_type=product&#038;p=7735"},"modified":"2025-05-07T11:12:29","modified_gmt":"2025-05-07T15:12:29","slug":"stanford-2","status":"publish","type":"product","link":"https:\/\/mattech.ca\/fr\/produit\/stanford-2\/","title":{"rendered":"Stanford"},"content":{"rendered":"<p>Gratte-pieds durable et efficace \u00e0 profil bas<\/p>\n<ul>\n<li>Exemples d\u2019applications: coll\u00e8ge, centre d\u2019achat, biblioth\u00e8que&#8230;<\/li>\n<li>Texture boucl\u00e9e et grattante \u00e9vitant \u00e0 la salet\u00e9 de se r\u00e9pendre dans votre \u00e9tablissement<\/li>\n<li>Endos ThermoGrip rouge de qualit\u00e9 sup\u00e9rieure offrant une protection antimicrobienne et une adh\u00e9rence accrue sur vos planchers<\/li>\n<\/ul>\n<p>&nbsp;<\/p>\n<p>&nbsp;<\/p>\n<p>&nbsp;<\/p>\n","protected":false},"excerpt":{"rendered":"<p>Gratte-pieds durable et efficace \u00e0 profil bas Exemples d\u2019applications: coll\u00e8ge, centre d\u2019achat, biblioth\u00e8que&#8230; Texture boucl\u00e9e et grattante \u00e9vitant \u00e0 la salet\u00e9 de se r\u00e9pendre dans votre \u00e9tablissement Endos ThermoGrip rouge de qualit\u00e9 sup\u00e9rieure offrant une protection antimicrobienne et une adh\u00e9rence accrue sur vos planchers &nbsp; &nbsp; &nbsp;<\/p>\n","protected":false},"featured_media":6374,"template":"","meta":{"inline_featured_image":false},"product_cat":[71,943,945,951,952,953,957],"product_tag":[],"class_list":["post-7735","product","type-product","status-publish","has-post-thumbnail","hentry","product_cat-tapis-dentree","product_cat-commercial","product_cat-aeroport","product_cat-detaillant","product_cat-ecole","product_cat-edifice-a-bureau","product_cat-hopital","sector-commercial-fr","traffic_type-prestige-fr","fonction-gratte-pieds"],"acf":[],"aioseo_notices":[],"_links":{"self":[{"href":"https:\/\/mattech.ca\/fr\/wp-json\/wp\/v2\/product\/7735","targetHints":{"allow":["GET"]}}],"collection":[{"href":"https:\/\/mattech.ca\/fr\/wp-json\/wp\/v2\/product"}],"about":[{"href":"https:\/\/mattech.ca\/fr\/wp-json\/wp\/v2\/types\/product"}],"wp:featuredmedia":[{"embeddable":true,"href":"https:\/\/mattech.ca\/fr\/wp-json\/wp\/v2\/media\/6374"}],"wp:attachment":[{"href":"https:\/\/mattech.ca\/fr\/wp-json\/wp\/v2\/media?parent=7735"}],"wp:term":[{"taxonomy":"product_cat","embeddable":true,"href":"https:\/\/mattech.ca\/fr\/wp-json\/wp\/v2\/product_cat?post=7735"},{"taxonomy":"product_tag","embeddable":true,"href":"https:\/\/mattech.ca\/fr\/wp-json\/wp\/v2\/product_tag?post=7735"}],"curies":[{"name":"wp","href":"https:\/\/api.w.org\/{rel}","templated":true}]}}