{"id":7629,"date":"2020-10-26T11:12:09","date_gmt":"2023-12-07T12:59:23","guid":{"rendered":"https:\/\/mattech.ca\/?post_type=product&#038;p=7629"},"modified":"2023-12-07T08:11:32","modified_gmt":"2023-12-07T13:11:32","slug":"needle-pin-2","status":"publish","type":"product","link":"https:\/\/mattech.ca\/fr\/produit\/needle-pin-2\/","title":{"rendered":"NEEDLE PIN"},"content":{"rendered":"<p>Tapis abordable pour les utilisations commerciales<\/p>\n<ul>\n<li>Surface enduite de latex pour une meilleure durabilit\u00e9<\/li>\n<li>Tapis r\u00e9sistant \u00e0 l&#8217;\u00e9crasement pour vous offrir de nombreuses ann\u00e9es de service<\/li>\n<\/ul>\n","protected":false},"excerpt":{"rendered":"<p>Tapis abordable pour les utilisations commerciales Surface enduite de latex pour une meilleure durabilit\u00e9 Tapis r\u00e9sistant \u00e0 l&#8217;\u00e9crasement pour vous offrir de nombreuses ann\u00e9es de service<\/p>\n","protected":false},"featured_media":6421,"template":"","meta":{"inline_featured_image":false},"product_cat":[71],"product_tag":[],"class_list":["post-7629","product","type-product","status-publish","has-post-thumbnail","hentry","product_cat-tapis-dentree","sector-commercial-fr","traffic_type-classique","fonction-essuie-pieds-gratte-pieds"],"acf":[],"aioseo_notices":[],"_links":{"self":[{"href":"https:\/\/mattech.ca\/fr\/wp-json\/wp\/v2\/product\/7629","targetHints":{"allow":["GET"]}}],"collection":[{"href":"https:\/\/mattech.ca\/fr\/wp-json\/wp\/v2\/product"}],"about":[{"href":"https:\/\/mattech.ca\/fr\/wp-json\/wp\/v2\/types\/product"}],"wp:featuredmedia":[{"embeddable":true,"href":"https:\/\/mattech.ca\/fr\/wp-json\/wp\/v2\/media\/6421"}],"wp:attachment":[{"href":"https:\/\/mattech.ca\/fr\/wp-json\/wp\/v2\/media?parent=7629"}],"wp:term":[{"taxonomy":"product_cat","embeddable":true,"href":"https:\/\/mattech.ca\/fr\/wp-json\/wp\/v2\/product_cat?post=7629"},{"taxonomy":"product_tag","embeddable":true,"href":"https:\/\/mattech.ca\/fr\/wp-json\/wp\/v2\/product_tag?post=7629"}],"curies":[{"name":"wp","href":"https:\/\/api.w.org\/{rel}","templated":true}]}}