{"id":7384,"date":"2023-08-29T13:38:30","date_gmt":"2023-08-29T19:09:43","guid":{"rendered":"https:\/\/mattech.ca\/?post_type=product&#038;p=7384"},"modified":"2025-03-04T13:48:47","modified_gmt":"2025-03-04T18:48:47","slug":"endura","status":"publish","type":"product","link":"https:\/\/mattech.ca\/fr\/produit\/endura\/","title":{"rendered":"ERGO-FLOOR ENDURA"},"content":{"rendered":"<p>Ergo-Floor Endura vous propose une solution anti-fatigue permanente pour votre laboratoire<\/p>\n<ul>\n<li>Surface de tapis de qualit\u00e9 commercial offert en tuiles de format 24&#8221;x24&#8221; pour un look classique<\/li>\n<li>Mousse de qualit\u00e9 Zedlan PlusTM pour un confort exceptionnel<\/li>\n<li>L&#8217;agent Microseptic emp\u00eache le d\u00e9veloppement des bact\u00e9ries sous le plancher ergonomique<\/li>\n<\/ul>\n","protected":false},"excerpt":{"rendered":"<p>Ergo-Floor Endura vous propose une solution anti-fatigue permanente pour votre laboratoire Surface de tapis de qualit\u00e9 commercial offert en tuiles de format 24&#8221;x24&#8221; pour un look classique Mousse de qualit\u00e9 Zedlan PlusTM pour un confort exceptionnel L&#8217;agent Microseptic emp\u00eache le d\u00e9veloppement des bact\u00e9ries sous le plancher ergonomique<\/p>\n","protected":false},"featured_media":7388,"template":"","meta":{"inline_featured_image":false},"product_cat":[1087],"product_tag":[1095],"class_list":["post-7384","product","type-product","status-publish","has-post-thumbnail","hentry","product_cat-protection-plancher-fr","product_tag-endura-fr","sector-commercial-fr","fonction-anti-fatigue-fr"],"acf":[],"aioseo_notices":[],"_links":{"self":[{"href":"https:\/\/mattech.ca\/fr\/wp-json\/wp\/v2\/product\/7384","targetHints":{"allow":["GET"]}}],"collection":[{"href":"https:\/\/mattech.ca\/fr\/wp-json\/wp\/v2\/product"}],"about":[{"href":"https:\/\/mattech.ca\/fr\/wp-json\/wp\/v2\/types\/product"}],"wp:featuredmedia":[{"embeddable":true,"href":"https:\/\/mattech.ca\/fr\/wp-json\/wp\/v2\/media\/7388"}],"wp:attachment":[{"href":"https:\/\/mattech.ca\/fr\/wp-json\/wp\/v2\/media?parent=7384"}],"wp:term":[{"taxonomy":"product_cat","embeddable":true,"href":"https:\/\/mattech.ca\/fr\/wp-json\/wp\/v2\/product_cat?post=7384"},{"taxonomy":"product_tag","embeddable":true,"href":"https:\/\/mattech.ca\/fr\/wp-json\/wp\/v2\/product_tag?post=7384"}],"curies":[{"name":"wp","href":"https:\/\/api.w.org\/{rel}","templated":true}]}}