{"id":6785,"date":"2022-12-15T13:10:26","date_gmt":"2022-12-15T18:49:32","guid":{"rendered":"https:\/\/mattech.ca\/?post_type=product&#038;p=6785"},"modified":"2025-03-07T08:01:28","modified_gmt":"2025-03-07T13:01:28","slug":"ergo-floor-pharma","status":"publish","type":"product","link":"https:\/\/mattech.ca\/fr\/produit\/ergo-floor-pharma\/","title":{"rendered":"ERGO-FLOOR PHARMA"},"content":{"rendered":"<p>Ergo-Floor Pharma offre une durabilit\u00e9 et un confort accru pour les usagers demeurant debout durant de longues heures<\/p>\n<ul>\n<li>Sa surface esth\u00e9tique lisse et non poreuse est facile d&#8217;entretien<\/li>\n<li>Sa mousse de qualit\u00e9 sup\u00e9rieure Zedlan Plus, d\u00e9velopp\u00e9e avec l&#8217;aide des pharmaciens, retarde l&#8217;apparition de la fatigue et des troubles musculosquelettiques<\/li>\n<li>La technologie antibact\u00e9rienne Microseptic pr\u00e9vient la prolif\u00e9ration de bact\u00e9ries sur le plancher<\/li>\n<\/ul>\n","protected":false},"excerpt":{"rendered":"<p>Ergo-Floor Pharma offre une durabilit\u00e9 et un confort accru pour les usagers demeurant debout durant de longues heures Sa surface esth\u00e9tique lisse et non poreuse est facile d&#8217;entretien Sa mousse de qualit\u00e9 sup\u00e9rieure Zedlan Plus, d\u00e9velopp\u00e9e avec l&#8217;aide des pharmaciens, retarde l&#8217;apparition de la fatigue et des troubles musculosquelettiques La technologie antibact\u00e9rienne Microseptic pr\u00e9vient la [&hellip;]<\/p>\n","protected":false},"featured_media":6783,"template":"","meta":{"inline_featured_image":false},"product_cat":[1087,267],"product_tag":[],"class_list":["post-6785","product","type-product","status-publish","has-post-thumbnail","hentry","product_cat-protection-plancher-fr","product_cat-tapis-anti-fatigue","sector-commercial-fr","fonction-anti-fatigue-fr","fonction-installation-permanente"],"acf":[],"aioseo_notices":[],"_links":{"self":[{"href":"https:\/\/mattech.ca\/fr\/wp-json\/wp\/v2\/product\/6785","targetHints":{"allow":["GET"]}}],"collection":[{"href":"https:\/\/mattech.ca\/fr\/wp-json\/wp\/v2\/product"}],"about":[{"href":"https:\/\/mattech.ca\/fr\/wp-json\/wp\/v2\/types\/product"}],"wp:featuredmedia":[{"embeddable":true,"href":"https:\/\/mattech.ca\/fr\/wp-json\/wp\/v2\/media\/6783"}],"wp:attachment":[{"href":"https:\/\/mattech.ca\/fr\/wp-json\/wp\/v2\/media?parent=6785"}],"wp:term":[{"taxonomy":"product_cat","embeddable":true,"href":"https:\/\/mattech.ca\/fr\/wp-json\/wp\/v2\/product_cat?post=6785"},{"taxonomy":"product_tag","embeddable":true,"href":"https:\/\/mattech.ca\/fr\/wp-json\/wp\/v2\/product_tag?post=6785"}],"curies":[{"name":"wp","href":"https:\/\/api.w.org\/{rel}","templated":true}]}}