{"id":5969,"date":"2022-01-27T14:59:43","date_gmt":"2022-01-27T20:02:19","guid":{"rendered":"https:\/\/mattech.ca\/?post_type=product&#038;p=5969"},"modified":"2023-05-30T11:10:51","modified_gmt":"2023-05-30T15:10:51","slug":"pure-soft-industrial","status":"publish","type":"product","link":"https:\/\/mattech.ca\/fr\/produit\/pure-soft-industrial\/","title":{"rendered":"PURE SOFT INDUSTRIAL"},"content":{"rendered":"<p>Tapis anti-fatigue sp\u00e9cialement d\u00e9velopp\u00e9 pour le march\u00e9 industriel<\/p>\n<ul>\n<li>Exemples d\u2019applications: manufacture, centre de distribution, usine de fabrication\u2026<\/li>\n<li>Tapis anti-fatigue avec endos ThermoGrip offrant la Technologie Microseptic contr\u00f4lant 99.9% de la croissance bact\u00e9riologique et approuv\u00e9 NSFI (National Floor Safety Institute) pour sa stabilit\u00e9 sur les planchers<\/li>\n<li>Tapis encellul\u00e9 d\u2019une surface \u00e0 motif en diamant durable int\u00e9grant une mousse Zedlan Plus favorisant la circulation sanguine et le repos des muscles<\/li>\n<\/ul>\n<p>&nbsp;<\/p>\n<p>&nbsp;<\/p>\n<p>&nbsp;<\/p>\n","protected":false},"excerpt":{"rendered":"<p>Tapis anti-fatigue sp\u00e9cialement d\u00e9velopp\u00e9 pour le march\u00e9 industriel Exemples d\u2019applications: manufacture, centre de distribution, usine de fabrication\u2026 Tapis anti-fatigue avec endos ThermoGrip offrant la Technologie Microseptic contr\u00f4lant 99.9% de la croissance bact\u00e9riologique et approuv\u00e9 NSFI (National Floor Safety Institute) pour sa stabilit\u00e9 sur les planchers Tapis encellul\u00e9 d\u2019une surface \u00e0 motif en diamant durable int\u00e9grant [&hellip;]<\/p>\n","protected":false},"featured_media":6261,"template":"","meta":{"inline_featured_image":false},"product_cat":[267],"product_tag":[],"class_list":["post-5969","product","type-product","status-publish","has-post-thumbnail","hentry","product_cat-tapis-anti-fatigue","sector-industriel","fonction-anti-fatigue-fr"],"acf":[],"aioseo_notices":[],"_links":{"self":[{"href":"https:\/\/mattech.ca\/fr\/wp-json\/wp\/v2\/product\/5969","targetHints":{"allow":["GET"]}}],"collection":[{"href":"https:\/\/mattech.ca\/fr\/wp-json\/wp\/v2\/product"}],"about":[{"href":"https:\/\/mattech.ca\/fr\/wp-json\/wp\/v2\/types\/product"}],"wp:featuredmedia":[{"embeddable":true,"href":"https:\/\/mattech.ca\/fr\/wp-json\/wp\/v2\/media\/6261"}],"wp:attachment":[{"href":"https:\/\/mattech.ca\/fr\/wp-json\/wp\/v2\/media?parent=5969"}],"wp:term":[{"taxonomy":"product_cat","embeddable":true,"href":"https:\/\/mattech.ca\/fr\/wp-json\/wp\/v2\/product_cat?post=5969"},{"taxonomy":"product_tag","embeddable":true,"href":"https:\/\/mattech.ca\/fr\/wp-json\/wp\/v2\/product_tag?post=5969"}],"curies":[{"name":"wp","href":"https:\/\/api.w.org\/{rel}","templated":true}]}}