{"id":5958,"date":"2022-01-27T14:52:06","date_gmt":"2022-01-27T19:52:06","guid":{"rendered":"https:\/\/mattech.ca\/?post_type=product&#038;p=5958"},"modified":"2024-02-28T08:00:11","modified_gmt":"2024-02-28T13:00:11","slug":"pure-soft-food","status":"publish","type":"product","link":"https:\/\/mattech.ca\/fr\/produit\/pure-soft-food\/","title":{"rendered":"PURE SOFT FOOD"},"content":{"rendered":"<p>Tapis anti-fatigue antibact\u00e9rien sp\u00e9cialement d\u00e9velopp\u00e9 pour l\u2019industrie alimentaire<\/p>\n<ul>\n<li>Exemples d\u2019applications: \u00e9picerie, transformation alimentaire, traiteur\u2026<\/li>\n<li>Tapis anti-fatigue avec endos ThermoGrip offrant la Technologie Microseptic contr\u00f4lant 99.9% de la croissance bact\u00e9riologique et approuv\u00e9 NFSI (National Floor Safety Institute) pour sa stabilit\u00e9 sur les planchers<\/li>\n<li>Tapis encellul\u00e9 d\u2019une surface de nitrile durable et antid\u00e9rapante r\u00e9sistant aux graisses et aux sucres int\u00e9grant une mousse Zedlan Plus favorisant la circulation sanguine et le repos des muscles<\/li>\n<\/ul>\n<p>&nbsp;<\/p>\n<p>&nbsp;<\/p>\n<p>&nbsp;<\/p>\n","protected":false},"excerpt":{"rendered":"<p>Tapis anti-fatigue antibact\u00e9rien sp\u00e9cialement d\u00e9velopp\u00e9 pour l\u2019industrie alimentaire Exemples d\u2019applications: \u00e9picerie, transformation alimentaire, traiteur\u2026 Tapis anti-fatigue avec endos ThermoGrip offrant la Technologie Microseptic contr\u00f4lant 99.9% de la croissance bact\u00e9riologique et approuv\u00e9 NFSI (National Floor Safety Institute) pour sa stabilit\u00e9 sur les planchers Tapis encellul\u00e9 d\u2019une surface de nitrile durable et antid\u00e9rapante r\u00e9sistant aux graisses et [&hellip;]<\/p>\n","protected":false},"featured_media":6253,"template":"","meta":{"inline_featured_image":false},"product_cat":[1087,267],"product_tag":[911,907,908],"class_list":["post-5958","product","type-product","status-publish","has-post-thumbnail","hentry","product_cat-protection-plancher-fr","product_cat-tapis-anti-fatigue","product_tag-food","product_tag-pure","product_tag-soft","sector-commercial-fr","sector-industriel","traffic_type-pure-soft-2","fonction-anti-fatigue-fr"],"acf":[],"aioseo_notices":[],"_links":{"self":[{"href":"https:\/\/mattech.ca\/fr\/wp-json\/wp\/v2\/product\/5958","targetHints":{"allow":["GET"]}}],"collection":[{"href":"https:\/\/mattech.ca\/fr\/wp-json\/wp\/v2\/product"}],"about":[{"href":"https:\/\/mattech.ca\/fr\/wp-json\/wp\/v2\/types\/product"}],"wp:featuredmedia":[{"embeddable":true,"href":"https:\/\/mattech.ca\/fr\/wp-json\/wp\/v2\/media\/6253"}],"wp:attachment":[{"href":"https:\/\/mattech.ca\/fr\/wp-json\/wp\/v2\/media?parent=5958"}],"wp:term":[{"taxonomy":"product_cat","embeddable":true,"href":"https:\/\/mattech.ca\/fr\/wp-json\/wp\/v2\/product_cat?post=5958"},{"taxonomy":"product_tag","embeddable":true,"href":"https:\/\/mattech.ca\/fr\/wp-json\/wp\/v2\/product_tag?post=5958"}],"curies":[{"name":"wp","href":"https:\/\/api.w.org\/{rel}","templated":true}]}}