{"id":5957,"date":"2022-01-27T14:43:51","date_gmt":"2022-01-27T19:46:34","guid":{"rendered":"https:\/\/mattech.ca\/?post_type=product&#038;p=5957"},"modified":"2023-05-30T11:05:23","modified_gmt":"2023-05-30T15:05:23","slug":"pure-soft-elegance","status":"publish","type":"product","link":"https:\/\/mattech.ca\/fr\/produit\/pure-soft-elegance\/","title":{"rendered":"PURE SOFT ELEGANCE"},"content":{"rendered":"<p>Tapis anti-fatigue anti-bact\u00e9rien encellul\u00e9 avec surface stylis\u00e9e pour un look prestigieux<\/p>\n<ul>\n<li>Exemples d\u2019applications: acceuil, portier d\u2019hotel, architecte\u2026<\/li>\n<li>Tapis anti-fatigue avec endos ThermoGrip offrant la Technologie Microseptic contr\u00f4lant 99.9% de la croissance bact\u00e9riologique<\/li>\n<li>Tapis encellul\u00e9 int\u00e9grant une mousse Zedlan Plus et une surface en vinyle durable et attrayante favorisant la circulation sanguine et le repos des muscles<\/li>\n<\/ul>\n<p>&nbsp;<\/p>\n<p>&nbsp;<\/p>\n<p>&nbsp;<\/p>\n","protected":false},"excerpt":{"rendered":"<p>Tapis anti-fatigue anti-bact\u00e9rien encellul\u00e9 avec surface stylis\u00e9e pour un look prestigieux Exemples d\u2019applications: acceuil, portier d\u2019hotel, architecte\u2026 Tapis anti-fatigue avec endos ThermoGrip offrant la Technologie Microseptic contr\u00f4lant 99.9% de la croissance bact\u00e9riologique Tapis encellul\u00e9 int\u00e9grant une mousse Zedlan Plus et une surface en vinyle durable et attrayante favorisant la circulation sanguine et le repos des [&hellip;]<\/p>\n","protected":false},"featured_media":6273,"template":"","meta":{"inline_featured_image":false},"product_cat":[267],"product_tag":[],"class_list":["post-5957","product","type-product","status-publish","has-post-thumbnail","hentry","product_cat-tapis-anti-fatigue","sector-commercial-fr","fonction-anti-fatigue-fr"],"acf":[],"aioseo_notices":[],"_links":{"self":[{"href":"https:\/\/mattech.ca\/fr\/wp-json\/wp\/v2\/product\/5957","targetHints":{"allow":["GET"]}}],"collection":[{"href":"https:\/\/mattech.ca\/fr\/wp-json\/wp\/v2\/product"}],"about":[{"href":"https:\/\/mattech.ca\/fr\/wp-json\/wp\/v2\/types\/product"}],"wp:featuredmedia":[{"embeddable":true,"href":"https:\/\/mattech.ca\/fr\/wp-json\/wp\/v2\/media\/6273"}],"wp:attachment":[{"href":"https:\/\/mattech.ca\/fr\/wp-json\/wp\/v2\/media?parent=5957"}],"wp:term":[{"taxonomy":"product_cat","embeddable":true,"href":"https:\/\/mattech.ca\/fr\/wp-json\/wp\/v2\/product_cat?post=5957"},{"taxonomy":"product_tag","embeddable":true,"href":"https:\/\/mattech.ca\/fr\/wp-json\/wp\/v2\/product_tag?post=5957"}],"curies":[{"name":"wp","href":"https:\/\/api.w.org\/{rel}","templated":true}]}}