{"id":5945,"date":"2022-01-27T14:01:39","date_gmt":"2022-01-27T19:01:39","guid":{"rendered":"https:\/\/mattech.ca\/?post_type=product&#038;p=5945"},"modified":"2024-03-12T11:39:55","modified_gmt":"2024-03-12T15:39:55","slug":"pure-soft-comfort","status":"publish","type":"product","link":"https:\/\/mattech.ca\/fr\/produit\/pure-soft-comfort\/","title":{"rendered":"PURE SOFT COMFORT +"},"content":{"rendered":"<p>Tapis anti-fatigue antibact\u00e9rien encellul\u00e9 pour une durabilit\u00e9 et un confort sup\u00e9rieur<\/p>\n<ul>\n<li>Exemples d\u2019applications: agent de s\u00e9curit\u00e9, comptoir caisse\u2026<\/li>\n<li>Tapis anti-fatigue avec endos ThermoGrip offrant la Technologie Microseptic contr\u00f4lant 99.9% de la croissance bact\u00e9riologique<\/li>\n<li>Tapis encellul\u00e9 int\u00e9grant une mousse Zedlan Plus double \u00e9paisseur favorisant la circulation sanguine et le repos des muscles<\/li>\n<\/ul>\n<p>&nbsp;<\/p>\n<p>&nbsp;<\/p>\n<p>&nbsp;<\/p>\n","protected":false},"excerpt":{"rendered":"<p>Tapis anti-fatigue antibact\u00e9rien encellul\u00e9 pour une durabilit\u00e9 et un confort sup\u00e9rieur Exemples d\u2019applications: agent de s\u00e9curit\u00e9, comptoir caisse\u2026 Tapis anti-fatigue avec endos ThermoGrip offrant la Technologie Microseptic contr\u00f4lant 99.9% de la croissance bact\u00e9riologique Tapis encellul\u00e9 int\u00e9grant une mousse Zedlan Plus double \u00e9paisseur favorisant la circulation sanguine et le repos des muscles &nbsp; &nbsp; &nbsp;<\/p>\n","protected":false},"featured_media":6274,"template":"","meta":{"inline_featured_image":false},"product_cat":[267],"product_tag":[901,622,599,907,908],"class_list":["post-5945","product","type-product","status-publish","has-post-thumbnail","hentry","product_cat-tapis-anti-fatigue","product_tag-901","product_tag-comfort","product_tag-plus","product_tag-pure","product_tag-soft","sector-commercial-fr","sector-industriel","traffic_type-pure-soft-2","fonction-anti-fatigue-fr"],"acf":[],"aioseo_notices":[],"_links":{"self":[{"href":"https:\/\/mattech.ca\/fr\/wp-json\/wp\/v2\/product\/5945","targetHints":{"allow":["GET"]}}],"collection":[{"href":"https:\/\/mattech.ca\/fr\/wp-json\/wp\/v2\/product"}],"about":[{"href":"https:\/\/mattech.ca\/fr\/wp-json\/wp\/v2\/types\/product"}],"wp:featuredmedia":[{"embeddable":true,"href":"https:\/\/mattech.ca\/fr\/wp-json\/wp\/v2\/media\/6274"}],"wp:attachment":[{"href":"https:\/\/mattech.ca\/fr\/wp-json\/wp\/v2\/media?parent=5945"}],"wp:term":[{"taxonomy":"product_cat","embeddable":true,"href":"https:\/\/mattech.ca\/fr\/wp-json\/wp\/v2\/product_cat?post=5945"},{"taxonomy":"product_tag","embeddable":true,"href":"https:\/\/mattech.ca\/fr\/wp-json\/wp\/v2\/product_tag?post=5945"}],"curies":[{"name":"wp","href":"https:\/\/api.w.org\/{rel}","templated":true}]}}