{"id":5939,"date":"2022-01-27T11:28:56","date_gmt":"2022-01-27T16:28:56","guid":{"rendered":"https:\/\/mattech.ca\/?post_type=product&#038;p=5939"},"modified":"2024-02-15T11:05:12","modified_gmt":"2024-02-15T16:05:12","slug":"triathlon-p-i-s-insertion-graphique","status":"publish","type":"product","link":"https:\/\/mattech.ca\/fr\/produit\/triathlon-p-i-s-insertion-graphique\/","title":{"rendered":"TRIATHLON P.I.S. INSERTION GRAPHIQUE"},"content":{"rendered":"<p>Parfait pour les grandes surfaces, ce tapis allie apparence et endurance<\/p>\n<ul>\n<li>Exemples d\u2019applications: centre d\u2019achat, a\u00e9roport, \u00e9cole secondaire, universit\u00e9\u2026<\/li>\n<li>Gr\u00e2ce \u00e0 son motif 2 tons \u00e9l\u00e9gant et \u00e0 deux niveaux, il conservera son apparence d\u2019origine sur une plus longue p\u00e9riode<\/li>\n<li>Endos de caoutchouc synth\u00e9tique de qualit\u00e9 sup\u00e9rieure prot\u00e9geant vos planchers de l\u2019humidit\u00e9 pour de nombreuses ann\u00e9es<\/li>\n<\/ul>\n<p>&nbsp;<\/p>\n<p>&nbsp;<\/p>\n<p>&nbsp;<\/p>\n","protected":false},"excerpt":{"rendered":"<p>Parfait pour les grandes surfaces, ce tapis allie apparence et endurance Exemples d\u2019applications: centre d\u2019achat, a\u00e9roport, \u00e9cole secondaire, universit\u00e9\u2026 Gr\u00e2ce \u00e0 son motif 2 tons \u00e9l\u00e9gant et \u00e0 deux niveaux, il conservera son apparence d\u2019origine sur une plus longue p\u00e9riode Endos de caoutchouc synth\u00e9tique de qualit\u00e9 sup\u00e9rieure prot\u00e9geant vos planchers de l\u2019humidit\u00e9 pour de nombreuses [&hellip;]<\/p>\n","protected":false},"featured_media":6279,"template":"","meta":{"inline_featured_image":false},"product_cat":[268],"product_tag":[899,898,637,656],"class_list":["post-5939","product","type-product","status-publish","has-post-thumbnail","hentry","product_cat-tapis-a-logo","product_tag-graphique","product_tag-insertion","product_tag-p-i-s","product_tag-triathlon","sector-commercial-fr","sector-industriel","traffic_type-performance-fr","fonction-essuie-pieds-gratte-pieds"],"acf":[],"aioseo_notices":[],"_links":{"self":[{"href":"https:\/\/mattech.ca\/fr\/wp-json\/wp\/v2\/product\/5939","targetHints":{"allow":["GET"]}}],"collection":[{"href":"https:\/\/mattech.ca\/fr\/wp-json\/wp\/v2\/product"}],"about":[{"href":"https:\/\/mattech.ca\/fr\/wp-json\/wp\/v2\/types\/product"}],"wp:featuredmedia":[{"embeddable":true,"href":"https:\/\/mattech.ca\/fr\/wp-json\/wp\/v2\/media\/6279"}],"wp:attachment":[{"href":"https:\/\/mattech.ca\/fr\/wp-json\/wp\/v2\/media?parent=5939"}],"wp:term":[{"taxonomy":"product_cat","embeddable":true,"href":"https:\/\/mattech.ca\/fr\/wp-json\/wp\/v2\/product_cat?post=5939"},{"taxonomy":"product_tag","embeddable":true,"href":"https:\/\/mattech.ca\/fr\/wp-json\/wp\/v2\/product_tag?post=5939"}],"curies":[{"name":"wp","href":"https:\/\/api.w.org\/{rel}","templated":true}]}}