{"id":5937,"date":"2022-01-27T11:17:38","date_gmt":"2022-01-27T16:17:38","guid":{"rendered":"https:\/\/mattech.ca\/?post_type=product&#038;p=5937"},"modified":"2024-02-15T11:04:34","modified_gmt":"2024-02-15T16:04:34","slug":"triathlon-insertion-graphique","status":"publish","type":"product","link":"https:\/\/mattech.ca\/fr\/produit\/triathlon-insertion-graphique\/","title":{"rendered":"TRIATHLON INSERTION GRAPHIQUE"},"content":{"rendered":"<p>Le plus performant de nos tapis avec logo<\/p>\n<ul>\n<li>Exemples d\u2019applications: centre d\u2019achat, a\u00e9roport, \u00e9cole secondaire, universit\u00e9\u2026<\/li>\n<li>Con\u00e7u pour supporter une circulation intense et une durabilit\u00e9 accrue<\/li>\n<li>Logo imprim\u00e9 en haute d\u00e9finition et ins\u00e9r\u00e9 dans notre Triathlon pour cr\u00e9er un effet visuel et des performances sans \u00e9gales<\/li>\n<\/ul>\n<p>&nbsp;<\/p>\n<p>&nbsp;<\/p>\n<p>&nbsp;<\/p>\n","protected":false},"excerpt":{"rendered":"<p>Le plus performant de nos tapis avec logo Exemples d\u2019applications: centre d\u2019achat, a\u00e9roport, \u00e9cole secondaire, universit\u00e9\u2026 Con\u00e7u pour supporter une circulation intense et une durabilit\u00e9 accrue Logo imprim\u00e9 en haute d\u00e9finition et ins\u00e9r\u00e9 dans notre Triathlon pour cr\u00e9er un effet visuel et des performances sans \u00e9gales &nbsp; &nbsp; &nbsp;<\/p>\n","protected":false},"featured_media":6281,"template":"","meta":{"inline_featured_image":false},"product_cat":[268],"product_tag":[899,898,656],"class_list":["post-5937","product","type-product","status-publish","has-post-thumbnail","hentry","product_cat-tapis-a-logo","product_tag-graphique","product_tag-insertion","product_tag-triathlon","sector-commercial-fr","sector-industriel","traffic_type-performance-fr","fonction-essuie-pieds-gratte-pieds"],"acf":[],"aioseo_notices":[],"_links":{"self":[{"href":"https:\/\/mattech.ca\/fr\/wp-json\/wp\/v2\/product\/5937","targetHints":{"allow":["GET"]}}],"collection":[{"href":"https:\/\/mattech.ca\/fr\/wp-json\/wp\/v2\/product"}],"about":[{"href":"https:\/\/mattech.ca\/fr\/wp-json\/wp\/v2\/types\/product"}],"wp:featuredmedia":[{"embeddable":true,"href":"https:\/\/mattech.ca\/fr\/wp-json\/wp\/v2\/media\/6281"}],"wp:attachment":[{"href":"https:\/\/mattech.ca\/fr\/wp-json\/wp\/v2\/media?parent=5937"}],"wp:term":[{"taxonomy":"product_cat","embeddable":true,"href":"https:\/\/mattech.ca\/fr\/wp-json\/wp\/v2\/product_cat?post=5937"},{"taxonomy":"product_tag","embeddable":true,"href":"https:\/\/mattech.ca\/fr\/wp-json\/wp\/v2\/product_tag?post=5937"}],"curies":[{"name":"wp","href":"https:\/\/api.w.org\/{rel}","templated":true}]}}