{"id":5934,"date":"2022-01-27T11:00:11","date_gmt":"2022-01-27T16:04:31","guid":{"rendered":"https:\/\/mattech.ca\/?post_type=product&#038;p=5934"},"modified":"2024-02-13T09:40:18","modified_gmt":"2024-02-13T14:40:18","slug":"oxford-elite-insertion-graphique","status":"publish","type":"product","link":"https:\/\/mattech.ca\/fr\/produit\/oxford-elite-insertion-graphique\/","title":{"rendered":"OXFORD ELITE INSERTION GRAPHIQUE"},"content":{"rendered":"<p>Faites la promotion de votre image de marque dans ce tapis de Prestige<\/p>\n<ul>\n<li>Exemples d\u2019applications: h\u00f4tel, pharmacie, casino, grand magasin de d\u00e9tail\u2026<\/li>\n<li>Tapis boucl\u00e9 int\u00e9grant des fibres de nylon grattant, ce tapis conservera son apparence durant de nombreuses ann\u00e9es<\/li>\n<li>Logo imprim\u00e9 en haute d\u00e9finition et ins\u00e9r\u00e9 dans notre Oxford Elite pour cr\u00e9er un effet visuel \u00e0 la hauteur de votre entreprise<\/li>\n<\/ul>\n<p>&nbsp;<\/p>\n<p>&nbsp;<\/p>\n<p>&nbsp;<\/p>\n","protected":false},"excerpt":{"rendered":"<p>Faites la promotion de votre image de marque dans ce tapis de Prestige Exemples d\u2019applications: h\u00f4tel, pharmacie, casino, grand magasin de d\u00e9tail\u2026 Tapis boucl\u00e9 int\u00e9grant des fibres de nylon grattant, ce tapis conservera son apparence durant de nombreuses ann\u00e9es Logo imprim\u00e9 en haute d\u00e9finition et ins\u00e9r\u00e9 dans notre Oxford Elite pour cr\u00e9er un effet visuel [&hellip;]<\/p>\n","protected":false},"featured_media":6371,"template":"","meta":{"inline_featured_image":false},"product_cat":[268],"product_tag":[],"class_list":["post-5934","product","type-product","status-publish","has-post-thumbnail","hentry","product_cat-tapis-a-logo","sector-commercial-fr","sector-industriel","traffic_type-prestige-fr","fonction-essuie-pieds-gratte-pieds"],"acf":[],"aioseo_notices":[],"_links":{"self":[{"href":"https:\/\/mattech.ca\/fr\/wp-json\/wp\/v2\/product\/5934","targetHints":{"allow":["GET"]}}],"collection":[{"href":"https:\/\/mattech.ca\/fr\/wp-json\/wp\/v2\/product"}],"about":[{"href":"https:\/\/mattech.ca\/fr\/wp-json\/wp\/v2\/types\/product"}],"wp:featuredmedia":[{"embeddable":true,"href":"https:\/\/mattech.ca\/fr\/wp-json\/wp\/v2\/media\/6371"}],"wp:attachment":[{"href":"https:\/\/mattech.ca\/fr\/wp-json\/wp\/v2\/media?parent=5934"}],"wp:term":[{"taxonomy":"product_cat","embeddable":true,"href":"https:\/\/mattech.ca\/fr\/wp-json\/wp\/v2\/product_cat?post=5934"},{"taxonomy":"product_tag","embeddable":true,"href":"https:\/\/mattech.ca\/fr\/wp-json\/wp\/v2\/product_tag?post=5934"}],"curies":[{"name":"wp","href":"https:\/\/api.w.org\/{rel}","templated":true}]}}