{"id":5929,"date":"2022-01-27T10:51:40","date_gmt":"2022-01-27T15:51:40","guid":{"rendered":"https:\/\/mattech.ca\/?post_type=product&#038;p=5929"},"modified":"2024-02-15T11:02:33","modified_gmt":"2024-02-15T16:02:33","slug":"jet-print","status":"publish","type":"product","link":"https:\/\/mattech.ca\/fr\/produit\/jet-print\/","title":{"rendered":"JET PRINT +"},"content":{"rendered":"<p>Un choix abordable de promouvoir votre entreprise<\/p>\n<ul>\n<li>Exemples d\u2019applications: couloir de garderie, aire d\u2019attente de restaurant, all\u00e9e de magasin de d\u00e9tail\u2026<\/li>\n<li>Carpette imprim\u00e9e offrant 60 choix de couleurs<\/li>\n<li>Endos ThermoFlex+ de qualit\u00e9 sup\u00e9rieure offrant une protection antibact\u00e9rienne de 99.9%<\/li>\n<\/ul>\n<p>&nbsp;<\/p>\n<p>&nbsp;<\/p>\n<p>&nbsp;<\/p>\n","protected":false},"excerpt":{"rendered":"<p>Un choix abordable de promouvoir votre entreprise Exemples d\u2019applications: couloir de garderie, aire d\u2019attente de restaurant, all\u00e9e de magasin de d\u00e9tail\u2026 Carpette imprim\u00e9e offrant 60 choix de couleurs Endos ThermoFlex+ de qualit\u00e9 sup\u00e9rieure offrant une protection antibact\u00e9rienne de 99.9% &nbsp; &nbsp; &nbsp;<\/p>\n","protected":false},"featured_media":6372,"template":"","meta":{"inline_featured_image":false},"product_cat":[268],"product_tag":[901,900,599,897],"class_list":["post-5929","product","type-product","status-publish","has-post-thumbnail","hentry","product_cat-tapis-a-logo","product_tag-901","product_tag-jet","product_tag-plus","product_tag-print-fr","sector-commercial-fr","traffic_type-classique","fonction-essuie-pieds"],"acf":[],"aioseo_notices":[],"_links":{"self":[{"href":"https:\/\/mattech.ca\/fr\/wp-json\/wp\/v2\/product\/5929","targetHints":{"allow":["GET"]}}],"collection":[{"href":"https:\/\/mattech.ca\/fr\/wp-json\/wp\/v2\/product"}],"about":[{"href":"https:\/\/mattech.ca\/fr\/wp-json\/wp\/v2\/types\/product"}],"wp:featuredmedia":[{"embeddable":true,"href":"https:\/\/mattech.ca\/fr\/wp-json\/wp\/v2\/media\/6372"}],"wp:attachment":[{"href":"https:\/\/mattech.ca\/fr\/wp-json\/wp\/v2\/media?parent=5929"}],"wp:term":[{"taxonomy":"product_cat","embeddable":true,"href":"https:\/\/mattech.ca\/fr\/wp-json\/wp\/v2\/product_cat?post=5929"},{"taxonomy":"product_tag","embeddable":true,"href":"https:\/\/mattech.ca\/fr\/wp-json\/wp\/v2\/product_tag?post=5929"}],"curies":[{"name":"wp","href":"https:\/\/api.w.org\/{rel}","templated":true}]}}