{"id":5928,"date":"2022-01-27T10:42:13","date_gmt":"2022-01-27T15:43:35","guid":{"rendered":"https:\/\/mattech.ca\/?post_type=product&#038;p=5928"},"modified":"2024-02-13T08:11:27","modified_gmt":"2024-02-13T13:11:27","slug":"jasper-insertion-graphique","status":"publish","type":"product","link":"https:\/\/mattech.ca\/fr\/produit\/jasper-insertion-graphique\/","title":{"rendered":"JASPER INSERTION GRAPHIQUE"},"content":{"rendered":"<p>Le meilleur tapis gratte-pieds avec votre logo<\/p>\n<ul>\n<li>Exemples d\u2019applications: concessionnaire automobile, \u00e9glise, petit magasin de d\u00e9tail, restaurant\u2026<\/li>\n<li>Tapis fabriqu\u00e9 \u00e0 partir de 100% de fibres grattantes afin de retenir le sable, sel et autres salet\u00e9s hors de votre b\u00e2timent<\/li>\n<li>Aucune quantit\u00e9 minimum \/ aucun frais de mise en place<\/li>\n<\/ul>\n<p>&nbsp;<\/p>\n<p>&nbsp;<\/p>\n<p>&nbsp;<\/p>\n","protected":false},"excerpt":{"rendered":"<p>Le meilleur tapis gratte-pieds avec votre logo Exemples d\u2019applications: concessionnaire automobile, \u00e9glise, petit magasin de d\u00e9tail, restaurant\u2026 Tapis fabriqu\u00e9 \u00e0 partir de 100% de fibres grattantes afin de retenir le sable, sel et autres salet\u00e9s hors de votre b\u00e2timent Aucune quantit\u00e9 minimum \/ aucun frais de mise en place &nbsp; &nbsp; &nbsp;<\/p>\n","protected":false},"featured_media":6285,"template":"","meta":{"inline_featured_image":false},"product_cat":[268],"product_tag":[],"class_list":["post-5928","product","type-product","status-publish","has-post-thumbnail","hentry","product_cat-tapis-a-logo","sector-commercial-fr","traffic_type-classique","fonction-gratte-pieds"],"acf":[],"aioseo_notices":[],"_links":{"self":[{"href":"https:\/\/mattech.ca\/fr\/wp-json\/wp\/v2\/product\/5928","targetHints":{"allow":["GET"]}}],"collection":[{"href":"https:\/\/mattech.ca\/fr\/wp-json\/wp\/v2\/product"}],"about":[{"href":"https:\/\/mattech.ca\/fr\/wp-json\/wp\/v2\/types\/product"}],"wp:featuredmedia":[{"embeddable":true,"href":"https:\/\/mattech.ca\/fr\/wp-json\/wp\/v2\/media\/6285"}],"wp:attachment":[{"href":"https:\/\/mattech.ca\/fr\/wp-json\/wp\/v2\/media?parent=5928"}],"wp:term":[{"taxonomy":"product_cat","embeddable":true,"href":"https:\/\/mattech.ca\/fr\/wp-json\/wp\/v2\/product_cat?post=5928"},{"taxonomy":"product_tag","embeddable":true,"href":"https:\/\/mattech.ca\/fr\/wp-json\/wp\/v2\/product_tag?post=5928"}],"curies":[{"name":"wp","href":"https:\/\/api.w.org\/{rel}","templated":true}]}}