{"id":5922,"date":"2022-01-27T10:31:14","date_gmt":"2022-01-27T15:33:29","guid":{"rendered":"https:\/\/mattech.ca\/?post_type=product&#038;p=5922"},"modified":"2024-01-29T09:59:43","modified_gmt":"2024-01-29T14:59:43","slug":"hd-jet-print","status":"publish","type":"product","link":"https:\/\/mattech.ca\/fr\/produit\/hd-jet-print\/","title":{"rendered":"HD JET PRINT"},"content":{"rendered":"<p>Une impression haute d\u00e9finition sur 100% de la surface<\/p>\n<ul>\n<li>Exemples d\u2019applications: comptoir d\u2019h\u00f4tel, all\u00e9e de pharmacie, ascenseur\u2026<\/li>\n<li>Proc\u00e9d\u00e9 d\u2019impression haute d\u00e9finition sur fibres de nylon qui offre une r\u00e9solution 10 fois sup\u00e9rieure aux autres carpettes imprim\u00e9es<\/li>\n<li>Endos ThermoGrip rouge de qualit\u00e9 sup\u00e9rieure offrant une protection antimicrobienne et une adh\u00e9rence accrue sur vos planchers<\/li>\n<\/ul>\n<p>&nbsp;<\/p>\n<p>&nbsp;<\/p>\n<p>&nbsp;<\/p>\n","protected":false},"excerpt":{"rendered":"<p>Une impression haute d\u00e9finition sur 100% de la surface Exemples d\u2019applications: comptoir d\u2019h\u00f4tel, all\u00e9e de pharmacie, ascenseur\u2026 Proc\u00e9d\u00e9 d\u2019impression haute d\u00e9finition sur fibres de nylon qui offre une r\u00e9solution 10 fois sup\u00e9rieure aux autres carpettes imprim\u00e9es Endos ThermoGrip rouge de qualit\u00e9 sup\u00e9rieure offrant une protection antimicrobienne et une adh\u00e9rence accrue sur vos planchers &nbsp; &nbsp; [&hellip;]<\/p>\n","protected":false},"featured_media":6287,"template":"","meta":{"inline_featured_image":false},"product_cat":[268],"product_tag":[],"class_list":["post-5922","product","type-product","status-publish","has-post-thumbnail","hentry","product_cat-tapis-a-logo","sector-commercial-fr","sector-industriel","traffic_type-prestige-fr","fonction-essuie-pieds"],"acf":[],"aioseo_notices":[],"_links":{"self":[{"href":"https:\/\/mattech.ca\/fr\/wp-json\/wp\/v2\/product\/5922","targetHints":{"allow":["GET"]}}],"collection":[{"href":"https:\/\/mattech.ca\/fr\/wp-json\/wp\/v2\/product"}],"about":[{"href":"https:\/\/mattech.ca\/fr\/wp-json\/wp\/v2\/types\/product"}],"wp:featuredmedia":[{"embeddable":true,"href":"https:\/\/mattech.ca\/fr\/wp-json\/wp\/v2\/media\/6287"}],"wp:attachment":[{"href":"https:\/\/mattech.ca\/fr\/wp-json\/wp\/v2\/media?parent=5922"}],"wp:term":[{"taxonomy":"product_cat","embeddable":true,"href":"https:\/\/mattech.ca\/fr\/wp-json\/wp\/v2\/product_cat?post=5922"},{"taxonomy":"product_tag","embeddable":true,"href":"https:\/\/mattech.ca\/fr\/wp-json\/wp\/v2\/product_tag?post=5922"}],"curies":[{"name":"wp","href":"https:\/\/api.w.org\/{rel}","templated":true}]}}