{"id":5907,"date":"2022-01-27T10:14:01","date_gmt":"2022-01-27T15:14:01","guid":{"rendered":"https:\/\/mattech.ca\/?post_type=product&#038;p=5907"},"modified":"2025-10-16T15:08:25","modified_gmt":"2025-10-16T19:08:25","slug":"wide-rib-runner","status":"publish","type":"product","link":"https:\/\/mattech.ca\/fr\/produit\/wide-rib-runner\/","title":{"rendered":"WIDE RIB RUNNER"},"content":{"rendered":"<p>Tapis de caoutchouc prot\u00e9geant les planchers et assurant une meilleure s\u00e9curit\u00e9 aux travailleurs<\/p>\n<ul>\n<li>Exemples d\u2019applications: \u00e9v\u00e8nement sp\u00e9cial, tapis roulant, all\u00e9e d\u2019entrep\u00f4t\u2026<\/li>\n<li>Surface rainur\u00e9e en caoutchouc SBR<\/li>\n<li>Surface aidant l\u2019adh\u00e9sion des travailleurs au plancher \u00e9vitant ainsi les chutes<\/li>\n<\/ul>\n<p>&nbsp;<\/p>\n<p>&nbsp;<\/p>\n<p>&nbsp;<\/p>\n","protected":false},"excerpt":{"rendered":"<p>Tapis de caoutchouc prot\u00e9geant les planchers et assurant une meilleure s\u00e9curit\u00e9 aux travailleurs Exemples d\u2019applications: \u00e9v\u00e8nement sp\u00e9cial, tapis roulant, all\u00e9e d\u2019entrep\u00f4t\u2026 Surface rainur\u00e9e en caoutchouc SBR Surface aidant l\u2019adh\u00e9sion des travailleurs au plancher \u00e9vitant ainsi les chutes &nbsp; &nbsp; &nbsp;<\/p>\n","protected":false},"featured_media":6291,"template":"","meta":{"inline_featured_image":false},"product_cat":[1087],"product_tag":[671,506,887],"class_list":["post-5907","product","type-product","status-publish","has-post-thumbnail","hentry","product_cat-protection-plancher-fr","product_tag-rib","product_tag-runner-fr","product_tag-wide","sector-commercial-fr","sector-industriel","traffic_type-specialites","fonction-specialite"],"acf":[],"aioseo_notices":[],"_links":{"self":[{"href":"https:\/\/mattech.ca\/fr\/wp-json\/wp\/v2\/product\/5907","targetHints":{"allow":["GET"]}}],"collection":[{"href":"https:\/\/mattech.ca\/fr\/wp-json\/wp\/v2\/product"}],"about":[{"href":"https:\/\/mattech.ca\/fr\/wp-json\/wp\/v2\/types\/product"}],"wp:featuredmedia":[{"embeddable":true,"href":"https:\/\/mattech.ca\/fr\/wp-json\/wp\/v2\/media\/6291"}],"wp:attachment":[{"href":"https:\/\/mattech.ca\/fr\/wp-json\/wp\/v2\/media?parent=5907"}],"wp:term":[{"taxonomy":"product_cat","embeddable":true,"href":"https:\/\/mattech.ca\/fr\/wp-json\/wp\/v2\/product_cat?post=5907"},{"taxonomy":"product_tag","embeddable":true,"href":"https:\/\/mattech.ca\/fr\/wp-json\/wp\/v2\/product_tag?post=5907"}],"curies":[{"name":"wp","href":"https:\/\/api.w.org\/{rel}","templated":true}]}}