{"id":5906,"date":"2022-01-27T10:05:57","date_gmt":"2022-01-27T15:09:21","guid":{"rendered":"https:\/\/mattech.ca\/?post_type=product&#038;p=5906"},"modified":"2023-04-05T07:47:15","modified_gmt":"2023-04-05T11:47:15","slug":"sta-kleen-runner-2","status":"publish","type":"product","link":"https:\/\/mattech.ca\/fr\/produit\/sta-kleen-runner-2\/","title":{"rendered":"STA KLEEN RUNNER"},"content":{"rendered":"<p>Tapis de PVC prot\u00e9geant les planchers et assurant une meilleure s\u00e9curit\u00e9 aux travailleurs<\/p>\n<ul>\n<li>Exemples d\u2019applications: corridor d\u2019usine et d\u2019entrep\u00f4t, station d\u2019assemblage\u2026<\/li>\n<li>Fabriqu\u00e9 en PVC de qualit\u00e9 industrielle pour les environnements exigeants<\/li>\n<li>Surface r\u00e9sistante aux acides, alcalis, huiles, graisses et la majorit\u00e9 des solvants organiques si nettoy\u00e9e rapidement<\/li>\n<\/ul>\n<p>&nbsp;<\/p>\n<p>&nbsp;<\/p>\n<p>&nbsp;<\/p>\n","protected":false},"excerpt":{"rendered":"<p>Tapis de PVC prot\u00e9geant les planchers et assurant une meilleure s\u00e9curit\u00e9 aux travailleurs Exemples d\u2019applications: corridor d\u2019usine et d\u2019entrep\u00f4t, station d\u2019assemblage\u2026 Fabriqu\u00e9 en PVC de qualit\u00e9 industrielle pour les environnements exigeants Surface r\u00e9sistante aux acides, alcalis, huiles, graisses et la majorit\u00e9 des solvants organiques si nettoy\u00e9e rapidement &nbsp; &nbsp; &nbsp;<\/p>\n","protected":false},"featured_media":6293,"template":"","meta":{"inline_featured_image":false},"product_cat":[1087],"product_tag":[],"class_list":["post-5906","product","type-product","status-publish","has-post-thumbnail","hentry","product_cat-protection-plancher-fr","sector-commercial-fr","sector-industriel"],"acf":[],"aioseo_notices":[],"_links":{"self":[{"href":"https:\/\/mattech.ca\/fr\/wp-json\/wp\/v2\/product\/5906","targetHints":{"allow":["GET"]}}],"collection":[{"href":"https:\/\/mattech.ca\/fr\/wp-json\/wp\/v2\/product"}],"about":[{"href":"https:\/\/mattech.ca\/fr\/wp-json\/wp\/v2\/types\/product"}],"wp:featuredmedia":[{"embeddable":true,"href":"https:\/\/mattech.ca\/fr\/wp-json\/wp\/v2\/media\/6293"}],"wp:attachment":[{"href":"https:\/\/mattech.ca\/fr\/wp-json\/wp\/v2\/media?parent=5906"}],"wp:term":[{"taxonomy":"product_cat","embeddable":true,"href":"https:\/\/mattech.ca\/fr\/wp-json\/wp\/v2\/product_cat?post=5906"},{"taxonomy":"product_tag","embeddable":true,"href":"https:\/\/mattech.ca\/fr\/wp-json\/wp\/v2\/product_tag?post=5906"}],"curies":[{"name":"wp","href":"https:\/\/api.w.org\/{rel}","templated":true}]}}