{"id":5893,"date":"2022-01-27T09:55:42","date_gmt":"2022-01-27T14:55:42","guid":{"rendered":"https:\/\/mattech.ca\/?post_type=product&#038;p=5893"},"modified":"2023-11-06T10:50:59","modified_gmt":"2023-11-06T15:50:59","slug":"pro-tekt-runner-2","status":"publish","type":"product","link":"https:\/\/mattech.ca\/fr\/produit\/pro-tekt-runner-2\/","title":{"rendered":"PRO TEKT RUNNER"},"content":{"rendered":"<p>Tapis de PVC prot\u00e9geant les planchers et assurant une meilleure s\u00e9curit\u00e9 aux travailleurs<\/p>\n<ul>\n<li>Exemples d\u2019applications: \u00e9v\u00e8nement sp\u00e9cial, tapis roulant, all\u00e9e d\u2019entrep\u00f4t\u2026<\/li>\n<li>Surface textur\u00e9e en mousse de vinyle<\/li>\n<li>Surface aidant l\u2019adh\u00e9sion des travailleurs au plancher \u00e9vitant ainsi les chutes<\/li>\n<\/ul>\n<p>&nbsp;<\/p>\n<p>&nbsp;<\/p>\n","protected":false},"excerpt":{"rendered":"<p>Tapis de PVC prot\u00e9geant les planchers et assurant une meilleure s\u00e9curit\u00e9 aux travailleurs Exemples d\u2019applications: \u00e9v\u00e8nement sp\u00e9cial, tapis roulant, all\u00e9e d\u2019entrep\u00f4t\u2026 Surface textur\u00e9e en mousse de vinyle Surface aidant l\u2019adh\u00e9sion des travailleurs au plancher \u00e9vitant ainsi les chutes &nbsp; &nbsp;<\/p>\n","protected":false},"featured_media":6295,"template":"","meta":{"inline_featured_image":false},"product_cat":[1087],"product_tag":[662,884],"class_list":["post-5893","product","type-product","status-publish","has-post-thumbnail","hentry","product_cat-protection-plancher-fr","product_tag-pro","product_tag-tekt","sector-commercial-fr","sector-industriel","traffic_type-specialites","fonction-autres","fonction-specialite"],"acf":[],"aioseo_notices":[],"_links":{"self":[{"href":"https:\/\/mattech.ca\/fr\/wp-json\/wp\/v2\/product\/5893","targetHints":{"allow":["GET"]}}],"collection":[{"href":"https:\/\/mattech.ca\/fr\/wp-json\/wp\/v2\/product"}],"about":[{"href":"https:\/\/mattech.ca\/fr\/wp-json\/wp\/v2\/types\/product"}],"wp:featuredmedia":[{"embeddable":true,"href":"https:\/\/mattech.ca\/fr\/wp-json\/wp\/v2\/media\/6295"}],"wp:attachment":[{"href":"https:\/\/mattech.ca\/fr\/wp-json\/wp\/v2\/media?parent=5893"}],"wp:term":[{"taxonomy":"product_cat","embeddable":true,"href":"https:\/\/mattech.ca\/fr\/wp-json\/wp\/v2\/product_cat?post=5893"},{"taxonomy":"product_tag","embeddable":true,"href":"https:\/\/mattech.ca\/fr\/wp-json\/wp\/v2\/product_tag?post=5893"}],"curies":[{"name":"wp","href":"https:\/\/api.w.org\/{rel}","templated":true}]}}