{"id":5890,"date":"2022-01-27T08:59:53","date_gmt":"2022-01-27T14:05:08","guid":{"rendered":"https:\/\/mattech.ca\/?post_type=product&#038;p=5890"},"modified":"2023-05-30T11:35:35","modified_gmt":"2023-05-30T15:35:35","slug":"electricaly-conductive-deck-plate","status":"publish","type":"product","link":"https:\/\/mattech.ca\/fr\/produit\/electricaly-conductive-deck-plate\/","title":{"rendered":"ELECTRICALY CONDUCTIVE DECK PLATE"},"content":{"rendered":"<p>Prot\u00e9gez vos composantes et \u00e9quipements en \u00e9liminant les charges statiques !<\/p>\n<ul>\n<li>Exemples d\u2019applications: Poste d\u2019ordinateur et serveur, salle \u00e9lectrique\u2026<\/li>\n<li>Mousse de PVC procurant d\u2019excellentes propri\u00e9t\u00e9s anti-fatigue<\/li>\n<li>Surface dispersive avec r\u00e9sistivit\u00e9 de 10.9 ohms par carr\u00e9<\/li>\n<\/ul>\n<p>&nbsp;<\/p>\n<p>&nbsp;<\/p>\n<p>&nbsp;<\/p>\n","protected":false},"excerpt":{"rendered":"<p>Prot\u00e9gez vos composantes et \u00e9quipements en \u00e9liminant les charges statiques ! Exemples d\u2019applications: Poste d\u2019ordinateur et serveur, salle \u00e9lectrique\u2026 Mousse de PVC procurant d\u2019excellentes propri\u00e9t\u00e9s anti-fatigue Surface dispersive avec r\u00e9sistivit\u00e9 de 10.9 ohms par carr\u00e9 &nbsp; &nbsp; &nbsp;<\/p>\n","protected":false},"featured_media":6297,"template":"","meta":{"inline_featured_image":false},"product_cat":[267],"product_tag":[],"class_list":["post-5890","product","type-product","status-publish","has-post-thumbnail","hentry","product_cat-tapis-anti-fatigue","sector-commercial-fr","sector-industriel","fonction-specialite"],"acf":[],"aioseo_notices":[],"_links":{"self":[{"href":"https:\/\/mattech.ca\/fr\/wp-json\/wp\/v2\/product\/5890","targetHints":{"allow":["GET"]}}],"collection":[{"href":"https:\/\/mattech.ca\/fr\/wp-json\/wp\/v2\/product"}],"about":[{"href":"https:\/\/mattech.ca\/fr\/wp-json\/wp\/v2\/types\/product"}],"wp:featuredmedia":[{"embeddable":true,"href":"https:\/\/mattech.ca\/fr\/wp-json\/wp\/v2\/media\/6297"}],"wp:attachment":[{"href":"https:\/\/mattech.ca\/fr\/wp-json\/wp\/v2\/media?parent=5890"}],"wp:term":[{"taxonomy":"product_cat","embeddable":true,"href":"https:\/\/mattech.ca\/fr\/wp-json\/wp\/v2\/product_cat?post=5890"},{"taxonomy":"product_tag","embeddable":true,"href":"https:\/\/mattech.ca\/fr\/wp-json\/wp\/v2\/product_tag?post=5890"}],"curies":[{"name":"wp","href":"https:\/\/api.w.org\/{rel}","templated":true}]}}