{"id":5872,"date":"2022-01-27T08:46:41","date_gmt":"2022-01-27T13:50:00","guid":{"rendered":"https:\/\/mattech.ca\/?post_type=product&#038;p=5872"},"modified":"2023-05-30T11:33:26","modified_gmt":"2023-05-30T15:33:26","slug":"comfort-king-as","status":"publish","type":"product","link":"https:\/\/mattech.ca\/fr\/produit\/comfort-king-as\/","title":{"rendered":"COMFORT KING ANTISTATIQUE"},"content":{"rendered":"<p>Tapis anti-fatigue et anti-statique offrant la mousse la plus performante de l\u2019industrie<\/p>\n<ul>\n<li>Exemples d\u2019applications: salle de serveurs, photocopieur, \u00e9lectronique\u2026<\/li>\n<li>Mousse de technologie Zedlan Plus \u00e9nergisante combinant souplesse et r\u00e9silience pour un soulagement exceptionnel<\/li>\n<li>R\u00e9sistivit\u00e9 de 10.9 ohms par carr\u00e9 prot\u00e8geant les \u00e9quipements des dommages et pertes de donn\u00e9es<\/li>\n<\/ul>\n<p>&nbsp;<\/p>\n<p>&nbsp;<\/p>\n<p>&nbsp;<\/p>\n","protected":false},"excerpt":{"rendered":"<p>Tapis anti-fatigue et anti-statique offrant la mousse la plus performante de l\u2019industrie Exemples d\u2019applications: salle de serveurs, photocopieur, \u00e9lectronique\u2026 Mousse de technologie Zedlan Plus \u00e9nergisante combinant souplesse et r\u00e9silience pour un soulagement exceptionnel R\u00e9sistivit\u00e9 de 10.9 ohms par carr\u00e9 prot\u00e8geant les \u00e9quipements des dommages et pertes de donn\u00e9es &nbsp; &nbsp; &nbsp;<\/p>\n","protected":false},"featured_media":6299,"template":"","meta":{"inline_featured_image":false},"product_cat":[267],"product_tag":[],"class_list":["post-5872","product","type-product","status-publish","has-post-thumbnail","hentry","product_cat-tapis-anti-fatigue","sector-commercial-fr","sector-industriel","traffic_type-comfort-plus","fonction-anti-fatigue-fr"],"acf":[],"aioseo_notices":[],"_links":{"self":[{"href":"https:\/\/mattech.ca\/fr\/wp-json\/wp\/v2\/product\/5872","targetHints":{"allow":["GET"]}}],"collection":[{"href":"https:\/\/mattech.ca\/fr\/wp-json\/wp\/v2\/product"}],"about":[{"href":"https:\/\/mattech.ca\/fr\/wp-json\/wp\/v2\/types\/product"}],"wp:featuredmedia":[{"embeddable":true,"href":"https:\/\/mattech.ca\/fr\/wp-json\/wp\/v2\/media\/6299"}],"wp:attachment":[{"href":"https:\/\/mattech.ca\/fr\/wp-json\/wp\/v2\/media?parent=5872"}],"wp:term":[{"taxonomy":"product_cat","embeddable":true,"href":"https:\/\/mattech.ca\/fr\/wp-json\/wp\/v2\/product_cat?post=5872"},{"taxonomy":"product_tag","embeddable":true,"href":"https:\/\/mattech.ca\/fr\/wp-json\/wp\/v2\/product_tag?post=5872"}],"curies":[{"name":"wp","href":"https:\/\/api.w.org\/{rel}","templated":true}]}}