{"id":5861,"date":"2022-01-27T08:40:44","date_gmt":"2022-01-27T13:40:44","guid":{"rendered":"https:\/\/mattech.ca\/?post_type=product&#038;p=5861"},"modified":"2024-02-28T08:02:07","modified_gmt":"2024-02-28T13:02:07","slug":"boot-bath","status":"publish","type":"product","link":"https:\/\/mattech.ca\/fr\/produit\/boot-bath\/","title":{"rendered":"BOOT BATH"},"content":{"rendered":"<p>D\u00e9sinfecte les semelles de souliers en les trempant dans un r\u00e9servoir de solutions sanitaires<\/p>\n<ul>\n<li>Exemples d\u2019applications: transformation alimentaire, laboratoire\u2026<\/li>\n<li>La solution de d\u00e9sinfection Boot Bath aide \u00e0 pr\u00e9venir la contamination bact\u00e9riologique dans votre espace de travail<\/li>\n<li>Rebords de 2\u2019\u2019 retenant le d\u00e9sinfectant et aide \u00e0 r\u00e9duire les \u00e9claboussements hors du r\u00e9servoir<\/li>\n<\/ul>\n<p>&nbsp;<\/p>\n<p>&nbsp;<\/p>\n<p>&nbsp;<\/p>\n","protected":false},"excerpt":{"rendered":"<p>D\u00e9sinfecte les semelles de souliers en les trempant dans un r\u00e9servoir de solutions sanitaires Exemples d\u2019applications: transformation alimentaire, laboratoire\u2026 La solution de d\u00e9sinfection Boot Bath aide \u00e0 pr\u00e9venir la contamination bact\u00e9riologique dans votre espace de travail Rebords de 2\u2019\u2019 retenant le d\u00e9sinfectant et aide \u00e0 r\u00e9duire les \u00e9claboussements hors du r\u00e9servoir &nbsp; &nbsp; &nbsp;<\/p>\n","protected":false},"featured_media":6303,"template":"","meta":{"inline_featured_image":false},"product_cat":[1087],"product_tag":[875,874],"class_list":["post-5861","product","type-product","status-publish","has-post-thumbnail","hentry","product_cat-protection-plancher-fr","product_tag-bath","product_tag-boot","sector-industriel","traffic_type-specialites","fonction-specialite"],"acf":[],"aioseo_notices":[],"_links":{"self":[{"href":"https:\/\/mattech.ca\/fr\/wp-json\/wp\/v2\/product\/5861","targetHints":{"allow":["GET"]}}],"collection":[{"href":"https:\/\/mattech.ca\/fr\/wp-json\/wp\/v2\/product"}],"about":[{"href":"https:\/\/mattech.ca\/fr\/wp-json\/wp\/v2\/types\/product"}],"wp:featuredmedia":[{"embeddable":true,"href":"https:\/\/mattech.ca\/fr\/wp-json\/wp\/v2\/media\/6303"}],"wp:attachment":[{"href":"https:\/\/mattech.ca\/fr\/wp-json\/wp\/v2\/media?parent=5861"}],"wp:term":[{"taxonomy":"product_cat","embeddable":true,"href":"https:\/\/mattech.ca\/fr\/wp-json\/wp\/v2\/product_cat?post=5861"},{"taxonomy":"product_tag","embeddable":true,"href":"https:\/\/mattech.ca\/fr\/wp-json\/wp\/v2\/product_tag?post=5861"}],"curies":[{"name":"wp","href":"https:\/\/api.w.org\/{rel}","templated":true}]}}