{"id":5855,"date":"2022-01-27T08:17:53","date_gmt":"2022-01-27T13:17:53","guid":{"rendered":"https:\/\/mattech.ca\/?post_type=product&#038;p=5855"},"modified":"2024-02-13T08:12:01","modified_gmt":"2024-02-13T13:12:01","slug":"marathon-graphic-inlay","status":"publish","type":"product","link":"https:\/\/mattech.ca\/fr\/produit\/marathon-graphic-inlay\/","title":{"rendered":"MARATHON INSERTION GRAPHIQUE"},"content":{"rendered":"<p>Faites bonne impresssion avec votre logo dans ce tapis de qualit\u00e9 reconnue<\/p>\n<ul>\n<li>Exemples d\u2019applications: centre d\u2019achat, a\u00e9roport, \u00e9cole secondaire, universit\u00e9\u2026<\/li>\n<li>Motif sur\u00e9lev\u00e9 grattant la salet\u00e9 et retenant efficacement l\u2019humidit\u00e9<\/li>\n<li>Logo imprim\u00e9 en haute d\u00e9finition et ins\u00e9r\u00e9 dans notre Marathon pour cr\u00e9er un effet visuel et une efficacit\u00e9 remarquable<\/li>\n<\/ul>\n<p>&nbsp;<\/p>\n<p>&nbsp;<\/p>\n<p>&nbsp;<\/p>\n","protected":false},"excerpt":{"rendered":"<p>Faites bonne impresssion avec votre logo dans ce tapis de qualit\u00e9 reconnue Exemples d\u2019applications: centre d\u2019achat, a\u00e9roport, \u00e9cole secondaire, universit\u00e9\u2026 Motif sur\u00e9lev\u00e9 grattant la salet\u00e9 et retenant efficacement l\u2019humidit\u00e9 Logo imprim\u00e9 en haute d\u00e9finition et ins\u00e9r\u00e9 dans notre Marathon pour cr\u00e9er un effet visuel et une efficacit\u00e9 remarquable &nbsp; &nbsp; &nbsp;<\/p>\n","protected":false},"featured_media":6241,"template":"","meta":{"inline_featured_image":false},"product_cat":[268],"product_tag":[870,871,869,683],"class_list":["post-5855","product","type-product","status-publish","has-post-thumbnail","hentry","product_cat-tapis-a-logo","product_tag-graphic","product_tag-inlay","product_tag-logo","product_tag-marathon","sector-commercial-fr","traffic_type-performance-fr","fonction-essuie-pieds-gratte-pieds"],"acf":[],"aioseo_notices":[],"_links":{"self":[{"href":"https:\/\/mattech.ca\/fr\/wp-json\/wp\/v2\/product\/5855","targetHints":{"allow":["GET"]}}],"collection":[{"href":"https:\/\/mattech.ca\/fr\/wp-json\/wp\/v2\/product"}],"about":[{"href":"https:\/\/mattech.ca\/fr\/wp-json\/wp\/v2\/types\/product"}],"wp:featuredmedia":[{"embeddable":true,"href":"https:\/\/mattech.ca\/fr\/wp-json\/wp\/v2\/media\/6241"}],"wp:attachment":[{"href":"https:\/\/mattech.ca\/fr\/wp-json\/wp\/v2\/media?parent=5855"}],"wp:term":[{"taxonomy":"product_cat","embeddable":true,"href":"https:\/\/mattech.ca\/fr\/wp-json\/wp\/v2\/product_cat?post=5855"},{"taxonomy":"product_tag","embeddable":true,"href":"https:\/\/mattech.ca\/fr\/wp-json\/wp\/v2\/product_tag?post=5855"}],"curies":[{"name":"wp","href":"https:\/\/api.w.org\/{rel}","templated":true}]}}