{"id":5846,"date":"2022-01-27T08:08:42","date_gmt":"2022-01-27T13:08:42","guid":{"rendered":"https:\/\/mattech.ca\/?post_type=product&#038;p=5846"},"modified":"2024-02-13T08:10:34","modified_gmt":"2024-02-13T13:10:34","slug":"crown-tred-printed","status":"publish","type":"product","link":"https:\/\/mattech.ca\/fr\/produit\/crown-tred-printed\/","title":{"rendered":"CROWN TRED IMPRIM\u00c9"},"content":{"rendered":"<p>Notre tapis logo d\u2019entr\u00e9e imprim\u00e9 qui saura rehausser l\u2019image de votre entreprise<\/p>\n<ul>\n<li>Exemples d\u2019applications: boutique, entr\u00e9e secondaire, garage\u2026<\/li>\n<li>Impression num\u00e9rique de qualit\u00e9 haute d\u00e9finition reproduisant les d\u00e9grad\u00e9s et les d\u00e9tails avec pr\u00e9cison<\/li>\n<li>Aucune quantit\u00e9 minimum \/ aucun frais de mise en place<\/li>\n<\/ul>\n<p>&nbsp;<\/p>\n<p>&nbsp;<\/p>\n<p>&nbsp;<\/p>\n","protected":false},"excerpt":{"rendered":"<p>Notre tapis logo d\u2019entr\u00e9e imprim\u00e9 qui saura rehausser l\u2019image de votre entreprise Exemples d\u2019applications: boutique, entr\u00e9e secondaire, garage\u2026 Impression num\u00e9rique de qualit\u00e9 haute d\u00e9finition reproduisant les d\u00e9grad\u00e9s et les d\u00e9tails avec pr\u00e9cison Aucune quantit\u00e9 minimum \/ aucun frais de mise en place &nbsp; &nbsp; &nbsp;<\/p>\n","protected":false},"featured_media":6238,"template":"","meta":{"inline_featured_image":false},"product_cat":[268],"product_tag":[484,866,746],"class_list":["post-5846","product","type-product","status-publish","has-post-thumbnail","hentry","product_cat-tapis-a-logo","product_tag-crown","product_tag-printed","product_tag-tred","sector-commercial-fr","traffic_type-valeur","fonction-gratte-pieds"],"acf":[],"aioseo_notices":[],"_links":{"self":[{"href":"https:\/\/mattech.ca\/fr\/wp-json\/wp\/v2\/product\/5846","targetHints":{"allow":["GET"]}}],"collection":[{"href":"https:\/\/mattech.ca\/fr\/wp-json\/wp\/v2\/product"}],"about":[{"href":"https:\/\/mattech.ca\/fr\/wp-json\/wp\/v2\/types\/product"}],"wp:featuredmedia":[{"embeddable":true,"href":"https:\/\/mattech.ca\/fr\/wp-json\/wp\/v2\/media\/6238"}],"wp:attachment":[{"href":"https:\/\/mattech.ca\/fr\/wp-json\/wp\/v2\/media?parent=5846"}],"wp:term":[{"taxonomy":"product_cat","embeddable":true,"href":"https:\/\/mattech.ca\/fr\/wp-json\/wp\/v2\/product_cat?post=5846"},{"taxonomy":"product_tag","embeddable":true,"href":"https:\/\/mattech.ca\/fr\/wp-json\/wp\/v2\/product_tag?post=5846"}],"curies":[{"name":"wp","href":"https:\/\/api.w.org\/{rel}","templated":true}]}}