{"id":5826,"date":"2022-01-27T07:52:01","date_gmt":"2022-01-27T12:52:01","guid":{"rendered":"https:\/\/mattech.ca\/?post_type=product&#038;p=5826"},"modified":"2023-11-06T10:22:59","modified_gmt":"2023-11-06T15:22:59","slug":"protrail","status":"publish","type":"product","link":"https:\/\/mattech.ca\/fr\/produit\/protrail\/","title":{"rendered":"PROTRAIL"},"content":{"rendered":"<p>Tapis versatile pour entr\u00e9es \u00e0 circulation l\u00e9g\u00e8re<\/p>\n<ul>\n<li>Exemples d\u2019applications: bijouterie, bureau de poste, bistro\u2026<\/li>\n<li>Con\u00e7u pour retenir l\u2019eau et la salet\u00e9 hors de votre b\u00e2timent<\/li>\n<li>Une solution abordable pour les petites entreprises<\/li>\n<\/ul>\n<p>&nbsp;<\/p>\n<p>&nbsp;<\/p>\n<p>&nbsp;<\/p>\n","protected":false},"excerpt":{"rendered":"<p>Tapis versatile pour entr\u00e9es \u00e0 circulation l\u00e9g\u00e8re Exemples d\u2019applications: bijouterie, bureau de poste, bistro\u2026 Con\u00e7u pour retenir l\u2019eau et la salet\u00e9 hors de votre b\u00e2timent Une solution abordable pour les petites entreprises &nbsp; &nbsp; &nbsp;<\/p>\n","protected":false},"featured_media":6377,"template":"","meta":{"inline_featured_image":false},"product_cat":[71],"product_tag":[662,856,855],"class_list":["post-5826","product","type-product","status-publish","has-post-thumbnail","hentry","product_cat-tapis-dentree","product_tag-pro","product_tag-protrail","product_tag-trail","sector-residentiel","sector-commercial-fr","traffic_type-valeur","fonction-essuie-pieds"],"acf":[],"aioseo_notices":[],"_links":{"self":[{"href":"https:\/\/mattech.ca\/fr\/wp-json\/wp\/v2\/product\/5826","targetHints":{"allow":["GET"]}}],"collection":[{"href":"https:\/\/mattech.ca\/fr\/wp-json\/wp\/v2\/product"}],"about":[{"href":"https:\/\/mattech.ca\/fr\/wp-json\/wp\/v2\/types\/product"}],"wp:featuredmedia":[{"embeddable":true,"href":"https:\/\/mattech.ca\/fr\/wp-json\/wp\/v2\/media\/6377"}],"wp:attachment":[{"href":"https:\/\/mattech.ca\/fr\/wp-json\/wp\/v2\/media?parent=5826"}],"wp:term":[{"taxonomy":"product_cat","embeddable":true,"href":"https:\/\/mattech.ca\/fr\/wp-json\/wp\/v2\/product_cat?post=5826"},{"taxonomy":"product_tag","embeddable":true,"href":"https:\/\/mattech.ca\/fr\/wp-json\/wp\/v2\/product_tag?post=5826"}],"curies":[{"name":"wp","href":"https:\/\/api.w.org\/{rel}","templated":true}]}}