{"id":5811,"date":"2022-01-26T13:56:51","date_gmt":"2022-01-26T18:56:51","guid":{"rendered":"https:\/\/mattech.ca\/?post_type=product&#038;p=5811"},"modified":"2024-02-28T14:35:06","modified_gmt":"2024-02-28T19:35:06","slug":"comfort-king-ab","status":"publish","type":"product","link":"https:\/\/mattech.ca\/fr\/produit\/comfort-king-ab\/","title":{"rendered":"COMFORT KING ANTIMICROBIEN"},"content":{"rendered":"<p>Tapis anti-fatigue offrant une protection antibact\u00e9rienne<\/p>\n<ul>\n<li>Exemples d\u2019applications: salle d\u2019op\u00e9ration\u2026<\/li>\n<li>\u00c9ponge Zedlan Plus \u00e9nergisante combinant souplesse et r\u00e9silience pour un soulagement exceptionnel<\/li>\n<li>Technologie Microseptic contr\u00f4lant 99.9% des bact\u00e9ries et favorisant un espace de travail aseptis\u00e9, confortable et s\u00e9curitaire<\/li>\n<\/ul>\n<p>&nbsp;<\/p>\n<p>&nbsp;<\/p>\n","protected":false},"excerpt":{"rendered":"<p>Tapis anti-fatigue offrant une protection antibact\u00e9rienne Exemples d\u2019applications: salle d\u2019op\u00e9ration\u2026 \u00c9ponge Zedlan Plus \u00e9nergisante combinant souplesse et r\u00e9silience pour un soulagement exceptionnel Technologie Microseptic contr\u00f4lant 99.9% des bact\u00e9ries et favorisant un espace de travail aseptis\u00e9, confortable et s\u00e9curitaire &nbsp; &nbsp;<\/p>\n","protected":false},"featured_media":6306,"template":"","meta":{"inline_featured_image":false},"product_cat":[267],"product_tag":[853,622,624],"class_list":["post-5811","product","type-product","status-publish","has-post-thumbnail","hentry","product_cat-tapis-anti-fatigue","product_tag-ab-fr","product_tag-comfort","product_tag-king","sector-commercial-fr","traffic_type-comfort-plus","fonction-anti-fatigue-fr"],"acf":[],"aioseo_notices":[],"_links":{"self":[{"href":"https:\/\/mattech.ca\/fr\/wp-json\/wp\/v2\/product\/5811","targetHints":{"allow":["GET"]}}],"collection":[{"href":"https:\/\/mattech.ca\/fr\/wp-json\/wp\/v2\/product"}],"about":[{"href":"https:\/\/mattech.ca\/fr\/wp-json\/wp\/v2\/types\/product"}],"wp:featuredmedia":[{"embeddable":true,"href":"https:\/\/mattech.ca\/fr\/wp-json\/wp\/v2\/media\/6306"}],"wp:attachment":[{"href":"https:\/\/mattech.ca\/fr\/wp-json\/wp\/v2\/media?parent=5811"}],"wp:term":[{"taxonomy":"product_cat","embeddable":true,"href":"https:\/\/mattech.ca\/fr\/wp-json\/wp\/v2\/product_cat?post=5811"},{"taxonomy":"product_tag","embeddable":true,"href":"https:\/\/mattech.ca\/fr\/wp-json\/wp\/v2\/product_tag?post=5811"}],"curies":[{"name":"wp","href":"https:\/\/api.w.org\/{rel}","templated":true}]}}