{"id":4826,"date":"2020-12-11T16:45:31","date_gmt":"2020-12-11T21:45:31","guid":{"rendered":"https:\/\/mattech.ca\/product\/comfort-king\/"},"modified":"2026-02-19T08:48:03","modified_gmt":"2026-02-19T13:48:03","slug":"comfort-king","status":"publish","type":"product","link":"https:\/\/mattech.ca\/fr\/produit\/comfort-king\/","title":{"rendered":"Comfort King"},"content":{"rendered":"<p>Tapis anti-fatigue offrant la mousse la plus performante de l\u2019industrie<\/p>\n<ul>\n<li>Exemples d\u2019applications: concessionnaire automobile, magasin de d\u00e9tail, \u00e9picerie\u2026<\/li>\n<li>Mousse de technologie Zedlan \u00e9nergisante combinant souplesse et r\u00e9silience pour un soulagement exceptionnel<\/li>\n<li>La propri\u00e9t\u00e9 de rebond (r\u00e9silience) stimule la circulation sanguine et r\u00e9duit la fatigue musculaire<\/li>\n<\/ul>\n","protected":false},"excerpt":{"rendered":"<p>Tapis anti-fatigue offrant la mousse la plus performante de l\u2019industrie Exemples d\u2019applications: concessionnaire automobile, magasin de d\u00e9tail, \u00e9picerie\u2026 Mousse de technologie Zedlan \u00e9nergisante combinant souplesse et r\u00e9silience pour un soulagement exceptionnel La propri\u00e9t\u00e9 de rebond (r\u00e9silience) stimule la circulation sanguine et r\u00e9duit la fatigue musculaire<\/p>\n","protected":false},"featured_media":6407,"template":"","meta":{"inline_featured_image":false},"product_cat":[267,986],"product_tag":[],"class_list":["post-4826","product","type-product","status-publish","has-post-thumbnail","hentry","product_cat-tapis-anti-fatigue","product_cat-autres","sector-commercial-fr","traffic_type-comfort-plus","fonction-anti-fatigue-fr","fonction-autres"],"acf":[],"aioseo_notices":[],"_links":{"self":[{"href":"https:\/\/mattech.ca\/fr\/wp-json\/wp\/v2\/product\/4826","targetHints":{"allow":["GET"]}}],"collection":[{"href":"https:\/\/mattech.ca\/fr\/wp-json\/wp\/v2\/product"}],"about":[{"href":"https:\/\/mattech.ca\/fr\/wp-json\/wp\/v2\/types\/product"}],"wp:featuredmedia":[{"embeddable":true,"href":"https:\/\/mattech.ca\/fr\/wp-json\/wp\/v2\/media\/6407"}],"wp:attachment":[{"href":"https:\/\/mattech.ca\/fr\/wp-json\/wp\/v2\/media?parent=4826"}],"wp:term":[{"taxonomy":"product_cat","embeddable":true,"href":"https:\/\/mattech.ca\/fr\/wp-json\/wp\/v2\/product_cat?post=4826"},{"taxonomy":"product_tag","embeddable":true,"href":"https:\/\/mattech.ca\/fr\/wp-json\/wp\/v2\/product_tag?post=4826"}],"curies":[{"name":"wp","href":"https:\/\/api.w.org\/{rel}","templated":true}]}}