{"id":4750,"date":"2020-12-14T07:53:45","date_gmt":"2020-12-14T12:53:45","guid":{"rendered":"https:\/\/mattech.ca\/product\/tuff-spun\/"},"modified":"2023-05-30T11:14:34","modified_gmt":"2023-05-30T15:14:34","slug":"tuff-spun","status":"publish","type":"product","link":"https:\/\/mattech.ca\/fr\/produit\/tuff-spun\/","title":{"rendered":"Tuff Spun"},"content":{"rendered":"<p>Solution de tapis anti-fatigue efficace et \u00e9conomique<\/p>\n<ul>\n<li>Exemples d\u2019applications: concessionnaire automobile, magasin de d\u00e9tail, \u00e9picerie\u2026<\/li>\n<li>Mousse de PVC favorisant le repos musculaire<\/li>\n<li>Rebords biseaut\u00e9s pour une s\u00e9curit\u00e9 accrue des usagers<\/li>\n<\/ul>\n","protected":false},"excerpt":{"rendered":"<p>Solution de tapis anti-fatigue efficace et \u00e9conomique Exemples d\u2019applications: concessionnaire automobile, magasin de d\u00e9tail, \u00e9picerie\u2026 Mousse de PVC favorisant le repos musculaire Rebords biseaut\u00e9s pour une s\u00e9curit\u00e9 accrue des usagers<\/p>\n","protected":false},"featured_media":6342,"template":"","meta":{"inline_featured_image":false},"product_cat":[267],"product_tag":[],"class_list":["post-4750","product","type-product","status-publish","has-post-thumbnail","hentry","product_cat-tapis-anti-fatigue","sector-commercial-fr","traffic_type-classique","fonction-anti-fatigue-fr"],"acf":[],"aioseo_notices":[],"_links":{"self":[{"href":"https:\/\/mattech.ca\/fr\/wp-json\/wp\/v2\/product\/4750","targetHints":{"allow":["GET"]}}],"collection":[{"href":"https:\/\/mattech.ca\/fr\/wp-json\/wp\/v2\/product"}],"about":[{"href":"https:\/\/mattech.ca\/fr\/wp-json\/wp\/v2\/types\/product"}],"wp:featuredmedia":[{"embeddable":true,"href":"https:\/\/mattech.ca\/fr\/wp-json\/wp\/v2\/media\/6342"}],"wp:attachment":[{"href":"https:\/\/mattech.ca\/fr\/wp-json\/wp\/v2\/media?parent=4750"}],"wp:term":[{"taxonomy":"product_cat","embeddable":true,"href":"https:\/\/mattech.ca\/fr\/wp-json\/wp\/v2\/product_cat?post=4750"},{"taxonomy":"product_tag","embeddable":true,"href":"https:\/\/mattech.ca\/fr\/wp-json\/wp\/v2\/product_tag?post=4750"}],"curies":[{"name":"wp","href":"https:\/\/api.w.org\/{rel}","templated":true}]}}