{"id":4744,"date":"2020-12-14T07:57:48","date_gmt":"2020-12-14T12:57:48","guid":{"rendered":"https:\/\/mattech.ca\/product\/safe-walk-light\/"},"modified":"2023-04-04T16:41:46","modified_gmt":"2023-04-04T20:41:46","slug":"safe-walk-light","status":"publish","type":"product","link":"https:\/\/mattech.ca\/fr\/produit\/safe-walk-light\/","title":{"rendered":"SAFEWALK LIGHT NOIR"},"content":{"rendered":"<p>Tapis s\u00e9curitaire permettant l\u2019\u00e9coulement d\u2019eau \u00e0 travers celui-ci<\/p>\n<ul>\n<li>Exemples d\u2019applications: station de lavage, buanderie, station de ski\u2026<\/li>\n<li>Fabriqu\u00e9 \u00e0 partir de caoutchouc SBR, ce tapis procure un environnement s\u00e9curitaire pour les endroits humides<\/li>\n<li>Surface avec orifices sur\u00e9lev\u00e9s offrant une excellente adh\u00e9rence et un drainage optimal<\/li>\n<\/ul>\n","protected":false},"excerpt":{"rendered":"<p>Tapis s\u00e9curitaire permettant l\u2019\u00e9coulement d\u2019eau \u00e0 travers celui-ci Exemples d\u2019applications: station de lavage, buanderie, station de ski\u2026 Fabriqu\u00e9 \u00e0 partir de caoutchouc SBR, ce tapis procure un environnement s\u00e9curitaire pour les endroits humides Surface avec orifices sur\u00e9lev\u00e9s offrant une excellente adh\u00e9rence et un drainage optimal<\/p>\n","protected":false},"featured_media":6340,"template":"","meta":{"inline_featured_image":false},"product_cat":[267],"product_tag":[],"class_list":["post-4744","product","type-product","status-publish","has-post-thumbnail","hentry","product_cat-tapis-anti-fatigue","sector-commercial-fr","traffic_type-classique","fonction-anti-fatigue-fr"],"acf":[],"aioseo_notices":[],"_links":{"self":[{"href":"https:\/\/mattech.ca\/fr\/wp-json\/wp\/v2\/product\/4744","targetHints":{"allow":["GET"]}}],"collection":[{"href":"https:\/\/mattech.ca\/fr\/wp-json\/wp\/v2\/product"}],"about":[{"href":"https:\/\/mattech.ca\/fr\/wp-json\/wp\/v2\/types\/product"}],"wp:featuredmedia":[{"embeddable":true,"href":"https:\/\/mattech.ca\/fr\/wp-json\/wp\/v2\/media\/6340"}],"wp:attachment":[{"href":"https:\/\/mattech.ca\/fr\/wp-json\/wp\/v2\/media?parent=4744"}],"wp:term":[{"taxonomy":"product_cat","embeddable":true,"href":"https:\/\/mattech.ca\/fr\/wp-json\/wp\/v2\/product_cat?post=4744"},{"taxonomy":"product_tag","embeddable":true,"href":"https:\/\/mattech.ca\/fr\/wp-json\/wp\/v2\/product_tag?post=4744"}],"curies":[{"name":"wp","href":"https:\/\/api.w.org\/{rel}","templated":true}]}}