{"id":4738,"date":"2020-12-14T07:59:13","date_gmt":"2020-12-14T12:59:13","guid":{"rendered":"https:\/\/mattech.ca\/product\/safe-walk-light-tc\/"},"modified":"2023-04-04T16:42:41","modified_gmt":"2023-04-04T20:42:41","slug":"safe-walk-light-tc","status":"publish","type":"product","link":"https:\/\/mattech.ca\/fr\/produit\/safe-walk-light-tc\/","title":{"rendered":"SafeWalk Light Terra Cotta"},"content":{"rendered":"<p>Tapis offrant une s\u00e9curit\u00e9 pour les stations de transformation alimentaire<\/p>\n<ul>\n<li>Exemples d\u2019applications: cuisine, transformation alimentaire, caf\u00e9t\u00e9ria\u2026<\/li>\n<li>Caoutchouc \u00e0 base de nitrile offrant une r\u00e9sistance aux huiles, sucres et graisses<\/li>\n<li>Surface avec orifices sur\u00e9lev\u00e9s permettant l\u2019\u00e9vacuation des particules et liquides<\/li>\n<\/ul>\n","protected":false},"excerpt":{"rendered":"<p>Tapis offrant une s\u00e9curit\u00e9 pour les stations de transformation alimentaire Exemples d\u2019applications: cuisine, transformation alimentaire, caf\u00e9t\u00e9ria\u2026 Caoutchouc \u00e0 base de nitrile offrant une r\u00e9sistance aux huiles, sucres et graisses Surface avec orifices sur\u00e9lev\u00e9s permettant l\u2019\u00e9vacuation des particules et liquides<\/p>\n","protected":false},"featured_media":6338,"template":"","meta":{"inline_featured_image":false},"product_cat":[267],"product_tag":[],"class_list":["post-4738","product","type-product","status-publish","has-post-thumbnail","hentry","product_cat-tapis-anti-fatigue","sector-commercial-fr","traffic_type-classique","fonction-anti-fatigue-fr"],"acf":[],"aioseo_notices":[],"_links":{"self":[{"href":"https:\/\/mattech.ca\/fr\/wp-json\/wp\/v2\/product\/4738","targetHints":{"allow":["GET"]}}],"collection":[{"href":"https:\/\/mattech.ca\/fr\/wp-json\/wp\/v2\/product"}],"about":[{"href":"https:\/\/mattech.ca\/fr\/wp-json\/wp\/v2\/types\/product"}],"wp:featuredmedia":[{"embeddable":true,"href":"https:\/\/mattech.ca\/fr\/wp-json\/wp\/v2\/media\/6338"}],"wp:attachment":[{"href":"https:\/\/mattech.ca\/fr\/wp-json\/wp\/v2\/media?parent=4738"}],"wp:term":[{"taxonomy":"product_cat","embeddable":true,"href":"https:\/\/mattech.ca\/fr\/wp-json\/wp\/v2\/product_cat?post=4738"},{"taxonomy":"product_tag","embeddable":true,"href":"https:\/\/mattech.ca\/fr\/wp-json\/wp\/v2\/product_tag?post=4738"}],"curies":[{"name":"wp","href":"https:\/\/api.w.org\/{rel}","templated":true}]}}