{"id":4700,"date":"2020-12-14T08:06:41","date_gmt":"2020-12-14T13:06:41","guid":{"rendered":"https:\/\/mattech.ca\/product\/workers-delight-deck-plate\/"},"modified":"2025-05-09T10:18:45","modified_gmt":"2025-05-09T14:18:45","slug":"workers-delight-deck-plate","status":"publish","type":"product","link":"https:\/\/mattech.ca\/fr\/produit\/workers-delight-deck-plate\/","title":{"rendered":"Workers Delight Deck Plate"},"content":{"rendered":"<p>Comfortable et performant, celui-ci est notre meilleur tapis anti-fatigue pour un environnement industriel<\/p>\n<ul>\n<li>Exemples d\u2019applications: ligne d\u2019assemblage, station d\u2019emballage, station de travail\u2026<\/li>\n<li>Mousse de technologie Zedlan \u00e9nergisante combinant souplesse, r\u00e9silience et durabilit\u00e9 pour un soulagement exceptionnel<\/li>\n<li>Surface pour usage intense tol\u00e9rant la circulation des chariots<\/li>\n<\/ul>\n<div style=\"width: 640px;\" class=\"wp-video\"><!--[if lt IE 9]><script>document.createElement('video');<\/script><![endif]-->\n<video class=\"wp-video-shortcode\" id=\"video-4700-1\" width=\"640\" height=\"360\" autoplay preload=\"metadata\" controls=\"controls\"><source type=\"video\/mp4\" src=\"https:\/\/mattech.ca\/wp-content\/uploads\/2020\/12\/WORKERS-DELIGHT-DECK-PLATE-VIDEO.mp4?_=1\" \/><a href=\"https:\/\/mattech.ca\/wp-content\/uploads\/2020\/12\/WORKERS-DELIGHT-DECK-PLATE-VIDEO.mp4\">https:\/\/mattech.ca\/wp-content\/uploads\/2020\/12\/WORKERS-DELIGHT-DECK-PLATE-VIDEO.mp4<\/a><\/video><\/div>\n","protected":false},"excerpt":{"rendered":"<p>Comfortable et performant, celui-ci est notre meilleur tapis anti-fatigue pour un environnement industriel Exemples d\u2019applications: ligne d\u2019assemblage, station d\u2019emballage, station de travail\u2026 Mousse de technologie Zedlan \u00e9nergisante combinant souplesse, r\u00e9silience et durabilit\u00e9 pour un soulagement exceptionnel Surface pour usage intense tol\u00e9rant la circulation des chariots<\/p>\n","protected":false},"featured_media":6336,"template":"","meta":{"inline_featured_image":false},"product_cat":[267],"product_tag":[],"class_list":["post-4700","product","type-product","status-publish","has-post-thumbnail","hentry","product_cat-tapis-anti-fatigue","sector-industriel","traffic_type-performance-fr","fonction-anti-fatigue-fr"],"acf":[],"aioseo_notices":[],"_links":{"self":[{"href":"https:\/\/mattech.ca\/fr\/wp-json\/wp\/v2\/product\/4700","targetHints":{"allow":["GET"]}}],"collection":[{"href":"https:\/\/mattech.ca\/fr\/wp-json\/wp\/v2\/product"}],"about":[{"href":"https:\/\/mattech.ca\/fr\/wp-json\/wp\/v2\/types\/product"}],"wp:featuredmedia":[{"embeddable":true,"href":"https:\/\/mattech.ca\/fr\/wp-json\/wp\/v2\/media\/6336"}],"wp:attachment":[{"href":"https:\/\/mattech.ca\/fr\/wp-json\/wp\/v2\/media?parent=4700"}],"wp:term":[{"taxonomy":"product_cat","embeddable":true,"href":"https:\/\/mattech.ca\/fr\/wp-json\/wp\/v2\/product_cat?post=4700"},{"taxonomy":"product_tag","embeddable":true,"href":"https:\/\/mattech.ca\/fr\/wp-json\/wp\/v2\/product_tag?post=4700"}],"curies":[{"name":"wp","href":"https:\/\/api.w.org\/{rel}","templated":true}]}}