{"id":4680,"date":"2020-12-14T08:12:29","date_gmt":"2020-12-14T13:12:29","guid":{"rendered":"https:\/\/mattech.ca\/product\/industrial-deck-plate\/"},"modified":"2024-02-28T14:25:18","modified_gmt":"2024-02-28T19:25:18","slug":"industrial-deck-plate","status":"publish","type":"product","link":"https:\/\/mattech.ca\/fr\/produit\/industrial-deck-plate\/","title":{"rendered":"Industrial Deck Plate"},"content":{"rendered":"<p>Confortable et durable, ce tapis est la r\u00e9f\u00e9rence dans l\u2019industrie des tapis ergonomiques<\/p>\n<ul>\n<li>Exemples d\u2019applications: ligne d\u2019assemblage, station d\u2019emballage, station de travail\u2026<\/li>\n<li>Surface solide avec motif en diamant fusionn\u00e9e \u00e0 un endos de mousse PVC de qualit\u00e9 industrielle pour un soulagement de la fatigue<\/li>\n<li>Surface antid\u00e9rapante et durable disponible en plusieurs couleurs pour une s\u00e9curit\u00e9 accrue<\/li>\n<\/ul>\n","protected":false},"excerpt":{"rendered":"<p>Confortable et durable, ce tapis est la r\u00e9f\u00e9rence dans l\u2019industrie des tapis ergonomiques Exemples d\u2019applications: ligne d\u2019assemblage, station d\u2019emballage, station de travail\u2026 Surface solide avec motif en diamant fusionn\u00e9e \u00e0 un endos de mousse PVC de qualit\u00e9 industrielle pour un soulagement de la fatigue Surface antid\u00e9rapante et durable disponible en plusieurs couleurs pour une s\u00e9curit\u00e9 [&hellip;]<\/p>\n","protected":false},"featured_media":6334,"template":"","meta":{"inline_featured_image":false},"product_cat":[267],"product_tag":[],"class_list":["post-4680","product","type-product","status-publish","has-post-thumbnail","hentry","product_cat-tapis-anti-fatigue","sector-industriel","traffic_type-performance-fr","fonction-anti-fatigue-fr"],"acf":[],"aioseo_notices":[],"_links":{"self":[{"href":"https:\/\/mattech.ca\/fr\/wp-json\/wp\/v2\/product\/4680","targetHints":{"allow":["GET"]}}],"collection":[{"href":"https:\/\/mattech.ca\/fr\/wp-json\/wp\/v2\/product"}],"about":[{"href":"https:\/\/mattech.ca\/fr\/wp-json\/wp\/v2\/types\/product"}],"wp:featuredmedia":[{"embeddable":true,"href":"https:\/\/mattech.ca\/fr\/wp-json\/wp\/v2\/media\/6334"}],"wp:attachment":[{"href":"https:\/\/mattech.ca\/fr\/wp-json\/wp\/v2\/media?parent=4680"}],"wp:term":[{"taxonomy":"product_cat","embeddable":true,"href":"https:\/\/mattech.ca\/fr\/wp-json\/wp\/v2\/product_cat?post=4680"},{"taxonomy":"product_tag","embeddable":true,"href":"https:\/\/mattech.ca\/fr\/wp-json\/wp\/v2\/product_tag?post=4680"}],"curies":[{"name":"wp","href":"https:\/\/api.w.org\/{rel}","templated":true}]}}