{"id":4672,"date":"2020-12-14T08:16:03","date_gmt":"2020-12-14T13:16:03","guid":{"rendered":"https:\/\/mattech.ca\/product\/spark-safe\/"},"modified":"2023-05-30T11:30:23","modified_gmt":"2023-05-30T15:30:23","slug":"spark-safe","status":"publish","type":"product","link":"https:\/\/mattech.ca\/fr\/produit\/spark-safe\/","title":{"rendered":"Spark Safe"},"content":{"rendered":"<p>Tapis sp\u00e9cialement concu pour les postes de soudage<\/p>\n<ul>\n<li>Exemples d\u2019applications: atelier de soudure, atelier d\u2019usinage, d\u00e9partement de maintenance\u2026<\/li>\n<li>Surface de caoutchou durable et r\u00e9sistant aux \u00e9tincelles et aux tisons de m\u00e9tal chauds homologu\u00e9 par ASTM D5132-04<\/li>\n<li>Tapis anti-fatigue avec endos en mousse procurant un excellent soulagement articulaire<\/li>\n<\/ul>\n","protected":false},"excerpt":{"rendered":"<p>Tapis sp\u00e9cialement concu pour les postes de soudage Exemples d\u2019applications: atelier de soudure, atelier d\u2019usinage, d\u00e9partement de maintenance\u2026 Surface de caoutchou durable et r\u00e9sistant aux \u00e9tincelles et aux tisons de m\u00e9tal chauds homologu\u00e9 par ASTM D5132-04 Tapis anti-fatigue avec endos en mousse procurant un excellent soulagement articulaire<\/p>\n","protected":false},"featured_media":6332,"template":"","meta":{"inline_featured_image":false},"product_cat":[267],"product_tag":[],"class_list":["post-4672","product","type-product","status-publish","has-post-thumbnail","hentry","product_cat-tapis-anti-fatigue","sector-industriel","fonction-anti-fatigue-fr","fonction-specialite"],"acf":[],"aioseo_notices":[],"_links":{"self":[{"href":"https:\/\/mattech.ca\/fr\/wp-json\/wp\/v2\/product\/4672","targetHints":{"allow":["GET"]}}],"collection":[{"href":"https:\/\/mattech.ca\/fr\/wp-json\/wp\/v2\/product"}],"about":[{"href":"https:\/\/mattech.ca\/fr\/wp-json\/wp\/v2\/types\/product"}],"wp:featuredmedia":[{"embeddable":true,"href":"https:\/\/mattech.ca\/fr\/wp-json\/wp\/v2\/media\/6332"}],"wp:attachment":[{"href":"https:\/\/mattech.ca\/fr\/wp-json\/wp\/v2\/media?parent=4672"}],"wp:term":[{"taxonomy":"product_cat","embeddable":true,"href":"https:\/\/mattech.ca\/fr\/wp-json\/wp\/v2\/product_cat?post=4672"},{"taxonomy":"product_tag","embeddable":true,"href":"https:\/\/mattech.ca\/fr\/wp-json\/wp\/v2\/product_tag?post=4672"}],"curies":[{"name":"wp","href":"https:\/\/api.w.org\/{rel}","templated":true}]}}