{"id":4665,"date":"2020-12-14T08:20:16","date_gmt":"2020-12-14T13:20:16","guid":{"rendered":"https:\/\/mattech.ca\/product\/safety-step-solid-top\/"},"modified":"2023-05-30T10:46:33","modified_gmt":"2023-05-30T14:46:33","slug":"safety-step-solid-top","status":"publish","type":"product","link":"https:\/\/mattech.ca\/fr\/produit\/safety-step-solid-top\/","title":{"rendered":"Safety Step Solid Top"},"content":{"rendered":"<p>Pour un concept modulaire avec surface solide, confortable et flexible<\/p>\n<ul>\n<li>Exemples d\u2019applications: station de travail spacieuse et de dimension irr\u00e9guli\u00e8re\u2026<\/li>\n<li>Les pointes de caoutchouc sous la carpette procurent confort remarquable \u00e0 l\u2019usager<\/li>\n<li>Surface textur\u00e9e procurant une excellente adh\u00e9rence et une s\u00e9curit\u00e9 optimale<\/li>\n<\/ul>\n","protected":false},"excerpt":{"rendered":"<p>Pour un concept modulaire avec surface solide, confortable et flexible Exemples d\u2019applications: station de travail spacieuse et de dimension irr\u00e9guli\u00e8re\u2026 Les pointes de caoutchouc sous la carpette procurent confort remarquable \u00e0 l\u2019usager Surface textur\u00e9e procurant une excellente adh\u00e9rence et une s\u00e9curit\u00e9 optimale<\/p>\n","protected":false},"featured_media":6328,"template":"","meta":{"inline_featured_image":false},"product_cat":[267],"product_tag":[],"class_list":["post-4665","product","type-product","status-publish","has-post-thumbnail","hentry","product_cat-tapis-anti-fatigue","sector-industriel","traffic_type-performance-fr","fonction-anti-fatigue-fr"],"acf":[],"aioseo_notices":[],"_links":{"self":[{"href":"https:\/\/mattech.ca\/fr\/wp-json\/wp\/v2\/product\/4665","targetHints":{"allow":["GET"]}}],"collection":[{"href":"https:\/\/mattech.ca\/fr\/wp-json\/wp\/v2\/product"}],"about":[{"href":"https:\/\/mattech.ca\/fr\/wp-json\/wp\/v2\/types\/product"}],"wp:featuredmedia":[{"embeddable":true,"href":"https:\/\/mattech.ca\/fr\/wp-json\/wp\/v2\/media\/6328"}],"wp:attachment":[{"href":"https:\/\/mattech.ca\/fr\/wp-json\/wp\/v2\/media?parent=4665"}],"wp:term":[{"taxonomy":"product_cat","embeddable":true,"href":"https:\/\/mattech.ca\/fr\/wp-json\/wp\/v2\/product_cat?post=4665"},{"taxonomy":"product_tag","embeddable":true,"href":"https:\/\/mattech.ca\/fr\/wp-json\/wp\/v2\/product_tag?post=4665"}],"curies":[{"name":"wp","href":"https:\/\/api.w.org\/{rel}","templated":true}]}}