{"id":4661,"date":"2020-12-14T08:21:10","date_gmt":"2020-12-14T13:21:10","guid":{"rendered":"https:\/\/mattech.ca\/product\/safety-step-perforated\/"},"modified":"2024-02-28T14:26:30","modified_gmt":"2024-02-28T19:26:30","slug":"safety-step-perforated","status":"publish","type":"product","link":"https:\/\/mattech.ca\/fr\/produit\/safety-step-perforated\/","title":{"rendered":"Safety Step Perforated"},"content":{"rendered":"<p>Pour un concept modulaire avec surface perfor\u00e9e, confortable et flexible<\/p>\n<ul>\n<li>Exemples d\u2019applications: station de travail spacieuse et de dimension irr\u00e9guli\u00e8re\u2026<\/li>\n<li>Carpette anti-fatigue modulaire: Terra Cotta #681 pour environnement huileux et Noir #680 pour environnement mouill\u00e9<\/li>\n<li>Connecteurs int\u00e9gr\u00e9s sur quatre c\u00f4t\u00e9s permettant aux carpettes de se raccorder<\/li>\n<\/ul>\n","protected":false},"excerpt":{"rendered":"<p>Pour un concept modulaire avec surface perfor\u00e9e, confortable et flexible Exemples d\u2019applications: station de travail spacieuse et de dimension irr\u00e9guli\u00e8re\u2026 Carpette anti-fatigue modulaire: Terra Cotta #681 pour environnement huileux et Noir #680 pour environnement mouill\u00e9 Connecteurs int\u00e9gr\u00e9s sur quatre c\u00f4t\u00e9s permettant aux carpettes de se raccorder<\/p>\n","protected":false},"featured_media":6324,"template":"","meta":{"inline_featured_image":false},"product_cat":[267],"product_tag":[],"class_list":["post-4661","product","type-product","status-publish","has-post-thumbnail","hentry","product_cat-tapis-anti-fatigue","sector-industriel","traffic_type-performance-fr","fonction-anti-fatigue-fr"],"acf":[],"aioseo_notices":[],"_links":{"self":[{"href":"https:\/\/mattech.ca\/fr\/wp-json\/wp\/v2\/product\/4661","targetHints":{"allow":["GET"]}}],"collection":[{"href":"https:\/\/mattech.ca\/fr\/wp-json\/wp\/v2\/product"}],"about":[{"href":"https:\/\/mattech.ca\/fr\/wp-json\/wp\/v2\/types\/product"}],"wp:featuredmedia":[{"embeddable":true,"href":"https:\/\/mattech.ca\/fr\/wp-json\/wp\/v2\/media\/6324"}],"wp:attachment":[{"href":"https:\/\/mattech.ca\/fr\/wp-json\/wp\/v2\/media?parent=4661"}],"wp:term":[{"taxonomy":"product_cat","embeddable":true,"href":"https:\/\/mattech.ca\/fr\/wp-json\/wp\/v2\/product_cat?post=4661"},{"taxonomy":"product_tag","embeddable":true,"href":"https:\/\/mattech.ca\/fr\/wp-json\/wp\/v2\/product_tag?post=4661"}],"curies":[{"name":"wp","href":"https:\/\/api.w.org\/{rel}","templated":true}]}}