{"id":4657,"date":"2020-12-14T08:44:05","date_gmt":"2020-12-14T13:44:05","guid":{"rendered":"https:\/\/mattech.ca\/product\/dura-step\/"},"modified":"2024-02-28T14:28:08","modified_gmt":"2024-02-28T19:28:08","slug":"dura-step","status":"publish","type":"product","link":"https:\/\/mattech.ca\/fr\/produit\/dura-step\/","title":{"rendered":"Dura Step"},"content":{"rendered":"<p>Confortable, flexible et durable, ce plancher sera id\u00e9al pour vos endroits huileux et graisseux<\/p>\n<ul>\n<li>Exemples d\u2019applications: atelier de machinage, garage m\u00e9canique, station d\u2019assemblage\u2026<\/li>\n<li>Carpette de caoutchouc de nitrile \u00e0 100% pour vous offrir une protection optimale pour les huiles et les graisses<\/li>\n<li>Additif antid\u00e9rapant Grit-Safe en option procurant une adh\u00e9rence extr\u00eame dans les endroits huileux<\/li>\n<\/ul>\n","protected":false},"excerpt":{"rendered":"<p>Confortable, flexible et durable, ce plancher sera id\u00e9al pour vos endroits huileux et graisseux Exemples d\u2019applications: atelier de machinage, garage m\u00e9canique, station d\u2019assemblage\u2026 Carpette de caoutchouc de nitrile \u00e0 100% pour vous offrir une protection optimale pour les huiles et les graisses Additif antid\u00e9rapant Grit-Safe en option procurant une adh\u00e9rence extr\u00eame dans les endroits huileux<\/p>\n","protected":false},"featured_media":6320,"template":"","meta":{"inline_featured_image":false},"product_cat":[267],"product_tag":[],"class_list":["post-4657","product","type-product","status-publish","has-post-thumbnail","hentry","product_cat-tapis-anti-fatigue","sector-industriel","traffic_type-performance-fr","fonction-anti-fatigue-fr"],"acf":[],"aioseo_notices":[],"_links":{"self":[{"href":"https:\/\/mattech.ca\/fr\/wp-json\/wp\/v2\/product\/4657","targetHints":{"allow":["GET"]}}],"collection":[{"href":"https:\/\/mattech.ca\/fr\/wp-json\/wp\/v2\/product"}],"about":[{"href":"https:\/\/mattech.ca\/fr\/wp-json\/wp\/v2\/types\/product"}],"wp:featuredmedia":[{"embeddable":true,"href":"https:\/\/mattech.ca\/fr\/wp-json\/wp\/v2\/media\/6320"}],"wp:attachment":[{"href":"https:\/\/mattech.ca\/fr\/wp-json\/wp\/v2\/media?parent=4657"}],"wp:term":[{"taxonomy":"product_cat","embeddable":true,"href":"https:\/\/mattech.ca\/fr\/wp-json\/wp\/v2\/product_cat?post=4657"},{"taxonomy":"product_tag","embeddable":true,"href":"https:\/\/mattech.ca\/fr\/wp-json\/wp\/v2\/product_tag?post=4657"}],"curies":[{"name":"wp","href":"https:\/\/api.w.org\/{rel}","templated":true}]}}