{"id":4652,"date":"2020-12-14T08:54:14","date_gmt":"2020-12-14T13:54:14","guid":{"rendered":"https:\/\/mattech.ca\/product\/dura-shock\/"},"modified":"2023-04-05T07:32:00","modified_gmt":"2023-04-05T11:32:00","slug":"dura-shock","status":"publish","type":"product","link":"https:\/\/mattech.ca\/fr\/produit\/dura-shock\/","title":{"rendered":"Dura Shock"},"content":{"rendered":"<p>R\u00e9sistant et durable, ce tapis prot\u00e8ge efficacement vos planchers contre les objets lourds et coupants<\/p>\n<ul>\n<li>Exemples d\u2019applications: salle d\u2019entrainement, patinoire, stale pour chevaux, boite de camion\u2026<\/li>\n<li>Tapis de caoutchouc vulcanis\u00e9 avec endos rainur\u00e9 et drainant<\/li>\n<li>Rebords d\u00e9coup\u00e9s avec pr\u00e9cision afin de se jumeler efficacement<\/li>\n<\/ul>\n","protected":false},"excerpt":{"rendered":"<p>R\u00e9sistant et durable, ce tapis prot\u00e8ge efficacement vos planchers contre les objets lourds et coupants Exemples d\u2019applications: salle d\u2019entrainement, patinoire, stale pour chevaux, boite de camion\u2026 Tapis de caoutchouc vulcanis\u00e9 avec endos rainur\u00e9 et drainant Rebords d\u00e9coup\u00e9s avec pr\u00e9cision afin de se jumeler efficacement<\/p>\n","protected":false},"featured_media":6318,"template":"","meta":{"inline_featured_image":false},"product_cat":[267],"product_tag":[],"class_list":["post-4652","product","type-product","status-publish","has-post-thumbnail","hentry","product_cat-tapis-anti-fatigue","sector-industriel","traffic_type-performance-fr","fonction-specialite"],"acf":[],"aioseo_notices":[],"_links":{"self":[{"href":"https:\/\/mattech.ca\/fr\/wp-json\/wp\/v2\/product\/4652","targetHints":{"allow":["GET"]}}],"collection":[{"href":"https:\/\/mattech.ca\/fr\/wp-json\/wp\/v2\/product"}],"about":[{"href":"https:\/\/mattech.ca\/fr\/wp-json\/wp\/v2\/types\/product"}],"wp:featuredmedia":[{"embeddable":true,"href":"https:\/\/mattech.ca\/fr\/wp-json\/wp\/v2\/media\/6318"}],"wp:attachment":[{"href":"https:\/\/mattech.ca\/fr\/wp-json\/wp\/v2\/media?parent=4652"}],"wp:term":[{"taxonomy":"product_cat","embeddable":true,"href":"https:\/\/mattech.ca\/fr\/wp-json\/wp\/v2\/product_cat?post=4652"},{"taxonomy":"product_tag","embeddable":true,"href":"https:\/\/mattech.ca\/fr\/wp-json\/wp\/v2\/product_tag?post=4652"}],"curies":[{"name":"wp","href":"https:\/\/api.w.org\/{rel}","templated":true}]}}