{"id":4641,"date":"2020-12-14T09:00:54","date_gmt":"2020-12-14T14:00:54","guid":{"rendered":"https:\/\/mattech.ca\/product\/deck-plate-runner\/"},"modified":"2023-04-05T07:45:53","modified_gmt":"2023-04-05T11:45:53","slug":"deck-plate-runner","status":"publish","type":"product","link":"https:\/\/mattech.ca\/fr\/produit\/deck-plate-runner\/","title":{"rendered":"Deck Plate Runner"},"content":{"rendered":"<p>Tapis de PVC prot\u00e9geant les planchers et assurant une meilleure s\u00e9curit\u00e9 aux travailleurs<\/p>\n<ul>\n<li>Exemples d\u2019applications: corridor d\u2019usine et d\u2019entrep\u00f4t, station d\u2019assemblage\u2026<\/li>\n<li>Surface de PVC \u00e0 motif de diamants<\/li>\n<li>Surface r\u00e9sistante aidant l\u2019adh\u00e9sion des travailleurs au plancher \u00e9vitant ainsi les chutes<\/li>\n<\/ul>\n","protected":false},"excerpt":{"rendered":"<p>Tapis de PVC prot\u00e9geant les planchers et assurant une meilleure s\u00e9curit\u00e9 aux travailleurs Exemples d\u2019applications: corridor d\u2019usine et d\u2019entrep\u00f4t, station d\u2019assemblage\u2026 Surface de PVC \u00e0 motif de diamants Surface r\u00e9sistante aidant l\u2019adh\u00e9sion des travailleurs au plancher \u00e9vitant ainsi les chutes<\/p>\n","protected":false},"featured_media":6316,"template":"","meta":{"inline_featured_image":false},"product_cat":[1087],"product_tag":[],"class_list":["post-4641","product","type-product","status-publish","has-post-thumbnail","hentry","product_cat-protection-plancher-fr","sector-industriel","traffic_type-autres"],"acf":[],"aioseo_notices":[],"_links":{"self":[{"href":"https:\/\/mattech.ca\/fr\/wp-json\/wp\/v2\/product\/4641","targetHints":{"allow":["GET"]}}],"collection":[{"href":"https:\/\/mattech.ca\/fr\/wp-json\/wp\/v2\/product"}],"about":[{"href":"https:\/\/mattech.ca\/fr\/wp-json\/wp\/v2\/types\/product"}],"wp:featuredmedia":[{"embeddable":true,"href":"https:\/\/mattech.ca\/fr\/wp-json\/wp\/v2\/media\/6316"}],"wp:attachment":[{"href":"https:\/\/mattech.ca\/fr\/wp-json\/wp\/v2\/media?parent=4641"}],"wp:term":[{"taxonomy":"product_cat","embeddable":true,"href":"https:\/\/mattech.ca\/fr\/wp-json\/wp\/v2\/product_cat?post=4641"},{"taxonomy":"product_tag","embeddable":true,"href":"https:\/\/mattech.ca\/fr\/wp-json\/wp\/v2\/product_tag?post=4641"}],"curies":[{"name":"wp","href":"https:\/\/api.w.org\/{rel}","templated":true}]}}