{"id":4607,"date":"2020-12-14T07:34:45","date_gmt":"2020-12-14T12:34:45","guid":{"rendered":"https:\/\/mattech.ca\/product\/safewalk\/"},"modified":"2023-11-06T10:07:08","modified_gmt":"2023-11-06T15:07:08","slug":"safewalk","status":"publish","type":"product","link":"https:\/\/mattech.ca\/fr\/produit\/safewalk\/","title":{"rendered":"Safewalk"},"content":{"rendered":"<p>Carpette-drain id\u00e9al pour couvrir un plancher sur mesure<\/p>\n<ul>\n<li>Exemples d\u2019applications: station de lavage, cuisine, caf\u00e9t\u00e9ria, station de ski\u2026<\/li>\n<li>Construction durable permettant un drainage efficace des liquides et d\u00e9bris<\/li>\n<li>Fabriqu\u00e9e en tuile de caoutchouc de 7\/8\u201d d\u2019\u00e9paisseur, cette surface offrira une s\u00e9curit\u00e9 absolue aux usagers<\/li>\n<\/ul>\n","protected":false},"excerpt":{"rendered":"<p>Carpette-drain id\u00e9al pour couvrir un plancher sur mesure Exemples d\u2019applications: station de lavage, cuisine, caf\u00e9t\u00e9ria, station de ski\u2026 Construction durable permettant un drainage efficace des liquides et d\u00e9bris Fabriqu\u00e9e en tuile de caoutchouc de 7\/8\u201d d\u2019\u00e9paisseur, cette surface offrira une s\u00e9curit\u00e9 absolue aux usagers<\/p>\n","protected":false},"featured_media":6348,"template":"","meta":{"inline_featured_image":false},"product_cat":[267,1013],"product_tag":[],"class_list":["post-4607","product","type-product","status-publish","has-post-thumbnail","hentry","product_cat-tapis-anti-fatigue","product_cat-restauration","sector-commercial-fr","traffic_type-performance-fr","fonction-anti-fatigue-fr"],"acf":[],"aioseo_notices":[],"_links":{"self":[{"href":"https:\/\/mattech.ca\/fr\/wp-json\/wp\/v2\/product\/4607","targetHints":{"allow":["GET"]}}],"collection":[{"href":"https:\/\/mattech.ca\/fr\/wp-json\/wp\/v2\/product"}],"about":[{"href":"https:\/\/mattech.ca\/fr\/wp-json\/wp\/v2\/types\/product"}],"wp:featuredmedia":[{"embeddable":true,"href":"https:\/\/mattech.ca\/fr\/wp-json\/wp\/v2\/media\/6348"}],"wp:attachment":[{"href":"https:\/\/mattech.ca\/fr\/wp-json\/wp\/v2\/media?parent=4607"}],"wp:term":[{"taxonomy":"product_cat","embeddable":true,"href":"https:\/\/mattech.ca\/fr\/wp-json\/wp\/v2\/product_cat?post=4607"},{"taxonomy":"product_tag","embeddable":true,"href":"https:\/\/mattech.ca\/fr\/wp-json\/wp\/v2\/product_tag?post=4607"}],"curies":[{"name":"wp","href":"https:\/\/api.w.org\/{rel}","templated":true}]}}