{"id":4605,"date":"2020-12-09T11:10:18","date_gmt":"2020-12-09T16:10:18","guid":{"rendered":"https:\/\/mattech.ca\/product\/walk-n-clean\/"},"modified":"2024-02-28T08:01:15","modified_gmt":"2024-02-28T13:01:15","slug":"walk-n-clean","status":"publish","type":"product","link":"https:\/\/mattech.ca\/fr\/produit\/walk-n-clean\/","title":{"rendered":"Walk N Clean"},"content":{"rendered":"<p>Syst\u00e8me de pellicules autocollantes jetables agrippant poussi\u00e8re et particules fines<\/p>\n<ul>\n<li>Exemples d\u2019applications: salle blanche, laboratoire\u2026<\/li>\n<li>Retirer simplement la feuille du dessus lorsque celle-ci souill\u00e9e par la salet\u00e9 \u00e0 l\u2019entr\u00e9e des salles blanches, laboratoires ou industries pharmaceutiques<\/li>\n<li>Soixante pellicules antibact\u00e9riennes autocollantes par panneau<\/li>\n<\/ul>\n","protected":false},"excerpt":{"rendered":"<p>Syst\u00e8me de pellicules autocollantes jetables agrippant poussi\u00e8re et particules fines Exemples d\u2019applications: salle blanche, laboratoire\u2026 Retirer simplement la feuille du dessus lorsque celle-ci souill\u00e9e par la salet\u00e9 \u00e0 l\u2019entr\u00e9e des salles blanches, laboratoires ou industries pharmaceutiques Soixante pellicules antibact\u00e9riennes autocollantes par panneau<\/p>\n","protected":false},"featured_media":6366,"template":"","meta":{"inline_featured_image":false},"product_cat":[1087],"product_tag":[],"class_list":["post-4605","product","type-product","status-publish","has-post-thumbnail","hentry","product_cat-protection-plancher-fr","sector-industriel","traffic_type-autres","fonction-specialite"],"acf":[],"aioseo_notices":[],"_links":{"self":[{"href":"https:\/\/mattech.ca\/fr\/wp-json\/wp\/v2\/product\/4605","targetHints":{"allow":["GET"]}}],"collection":[{"href":"https:\/\/mattech.ca\/fr\/wp-json\/wp\/v2\/product"}],"about":[{"href":"https:\/\/mattech.ca\/fr\/wp-json\/wp\/v2\/types\/product"}],"wp:featuredmedia":[{"embeddable":true,"href":"https:\/\/mattech.ca\/fr\/wp-json\/wp\/v2\/media\/6366"}],"wp:attachment":[{"href":"https:\/\/mattech.ca\/fr\/wp-json\/wp\/v2\/media?parent=4605"}],"wp:term":[{"taxonomy":"product_cat","embeddable":true,"href":"https:\/\/mattech.ca\/fr\/wp-json\/wp\/v2\/product_cat?post=4605"},{"taxonomy":"product_tag","embeddable":true,"href":"https:\/\/mattech.ca\/fr\/wp-json\/wp\/v2\/product_tag?post=4605"}],"curies":[{"name":"wp","href":"https:\/\/api.w.org\/{rel}","templated":true}]}}