{"id":3553,"date":"2021-09-28T08:59:38","date_gmt":"2021-09-28T12:59:38","guid":{"rendered":"https:\/\/mattech.ca\/?post_type=product&#038;p=3553"},"modified":"2023-04-04T15:58:54","modified_gmt":"2023-04-04T19:58:54","slug":"prorib","status":"publish","type":"product","link":"https:\/\/mattech.ca\/fr\/produit\/prorib\/","title":{"rendered":"Prorib"},"content":{"rendered":"<p>Tapis d\u2019entr\u00e9e \u00e0 rainure budg\u00e9taire<\/p>\n<ul>\n<li>Exemples d\u2019applications: entr\u00e9e secondaire, maison, coiffeuse\u2026<\/li>\n<li>Tapis \u00e0 rainure \u00e9conomique offrant un rendement efficace<\/li>\n<li>Excellente option pour petits commerces<\/li>\n<\/ul>\n","protected":false},"excerpt":{"rendered":"<p>Tapis d\u2019entr\u00e9e \u00e0 rainure budg\u00e9taire Exemples d\u2019applications: entr\u00e9e secondaire, maison, coiffeuse\u2026 Tapis \u00e0 rainure \u00e9conomique offrant un rendement efficace Excellente option pour petits commerces<\/p>\n","protected":false},"featured_media":6310,"template":"","meta":{"inline_featured_image":false},"product_cat":[71],"product_tag":[],"class_list":["post-3553","product","type-product","status-publish","has-post-thumbnail","hentry","product_cat-tapis-dentree","sector-residentiel","traffic_type-valeur","fonction-essuie-pieds-gratte-pieds"],"acf":[],"aioseo_notices":[],"_links":{"self":[{"href":"https:\/\/mattech.ca\/fr\/wp-json\/wp\/v2\/product\/3553","targetHints":{"allow":["GET"]}}],"collection":[{"href":"https:\/\/mattech.ca\/fr\/wp-json\/wp\/v2\/product"}],"about":[{"href":"https:\/\/mattech.ca\/fr\/wp-json\/wp\/v2\/types\/product"}],"wp:featuredmedia":[{"embeddable":true,"href":"https:\/\/mattech.ca\/fr\/wp-json\/wp\/v2\/media\/6310"}],"wp:attachment":[{"href":"https:\/\/mattech.ca\/fr\/wp-json\/wp\/v2\/media?parent=3553"}],"wp:term":[{"taxonomy":"product_cat","embeddable":true,"href":"https:\/\/mattech.ca\/fr\/wp-json\/wp\/v2\/product_cat?post=3553"},{"taxonomy":"product_tag","embeddable":true,"href":"https:\/\/mattech.ca\/fr\/wp-json\/wp\/v2\/product_tag?post=3553"}],"curies":[{"name":"wp","href":"https:\/\/api.w.org\/{rel}","templated":true}]}}