{"id":3467,"date":"2020-12-14T07:39:10","date_gmt":"2021-02-05T18:12:41","guid":{"rendered":"https:\/\/mattech.ca\/?post_type=product&#038;p=3467"},"modified":"2023-05-30T11:16:14","modified_gmt":"2023-05-30T15:16:14","slug":"safe-flow-plus","status":"publish","type":"product","link":"https:\/\/mattech.ca\/fr\/produit\/safe-flow-plus\/","title":{"rendered":"Safe Flow Plus"},"content":{"rendered":"<p>Tapis s\u00e9curitaire parfait pour les endroits huileux et graisseux<\/p>\n<ul>\n<li>Exemples d\u2019applications: boucherie, bar, cuisine, station de pr\u00e9paration d\u2019aliments\u2026<\/li>\n<li>Fabriqu\u00e9e \u00e0 100% de caoutchouc nitrile, elle offre un maximum de r\u00e9sistance pour les entreprises de transformations alimentaires<\/li>\n<li>Versatile et l\u00e9ger, ce tapis est facile d\u2019entretien et de manipulation<\/li>\n<\/ul>\n","protected":false},"excerpt":{"rendered":"<p>Tapis s\u00e9curitaire parfait pour les endroits huileux et graisseux Exemples d\u2019applications: boucherie, bar, cuisine, station de pr\u00e9paration d\u2019aliments\u2026 Fabriqu\u00e9e \u00e0 100% de caoutchouc nitrile, elle offre un maximum de r\u00e9sistance pour les entreprises de transformations alimentaires Versatile et l\u00e9ger, ce tapis est facile d\u2019entretien et de manipulation<\/p>\n","protected":false},"featured_media":6346,"template":"","meta":{"inline_featured_image":false},"product_cat":[267],"product_tag":[],"class_list":["post-3467","product","type-product","status-publish","has-post-thumbnail","hentry","product_cat-tapis-anti-fatigue","sector-commercial-fr","traffic_type-classique","fonction-anti-fatigue-fr"],"acf":[],"aioseo_notices":[],"_links":{"self":[{"href":"https:\/\/mattech.ca\/fr\/wp-json\/wp\/v2\/product\/3467","targetHints":{"allow":["GET"]}}],"collection":[{"href":"https:\/\/mattech.ca\/fr\/wp-json\/wp\/v2\/product"}],"about":[{"href":"https:\/\/mattech.ca\/fr\/wp-json\/wp\/v2\/types\/product"}],"wp:featuredmedia":[{"embeddable":true,"href":"https:\/\/mattech.ca\/fr\/wp-json\/wp\/v2\/media\/6346"}],"wp:attachment":[{"href":"https:\/\/mattech.ca\/fr\/wp-json\/wp\/v2\/media?parent=3467"}],"wp:term":[{"taxonomy":"product_cat","embeddable":true,"href":"https:\/\/mattech.ca\/fr\/wp-json\/wp\/v2\/product_cat?post=3467"},{"taxonomy":"product_tag","embeddable":true,"href":"https:\/\/mattech.ca\/fr\/wp-json\/wp\/v2\/product_tag?post=3467"}],"curies":[{"name":"wp","href":"https:\/\/api.w.org\/{rel}","templated":true}]}}