{"id":3452,"date":"2020-12-14T07:26:45","date_gmt":"2021-02-05T18:10:06","guid":{"rendered":"https:\/\/mattech.ca\/?post_type=product&#038;p=3452"},"modified":"2023-04-04T16:39:50","modified_gmt":"2023-04-04T20:39:50","slug":"cushion-step","status":"publish","type":"product","link":"https:\/\/mattech.ca\/fr\/produit\/cushion-step\/","title":{"rendered":"Cushion Step"},"content":{"rendered":"<p>Tapis anti-fatigue attrayant et facile d\u2019entretien<\/p>\n<ul>\n<li>Exemples d\u2019applications: zone d\u2019emballage, station de travail, hotel\u2026<\/li>\n<li>Surface esth\u00e9tique de vinyle lisse et d\u2019apparence marbr\u00e9e<\/li>\n<li>Mousse souple de PVC fusionn\u00e9e \u00e0 une surface de vinyle<\/li>\n<\/ul>\n","protected":false},"excerpt":{"rendered":"<p>Tapis anti-fatigue attrayant et facile d\u2019entretien Exemples d\u2019applications: zone d\u2019emballage, station de travail, hotel\u2026 Surface esth\u00e9tique de vinyle lisse et d\u2019apparence marbr\u00e9e Mousse souple de PVC fusionn\u00e9e \u00e0 une surface de vinyle<\/p>\n","protected":false},"featured_media":6350,"template":"","meta":{"inline_featured_image":false},"product_cat":[267],"product_tag":[],"class_list":["post-3452","product","type-product","status-publish","has-post-thumbnail","hentry","product_cat-tapis-anti-fatigue","sector-commercial-fr","traffic_type-classique","fonction-anti-fatigue-fr"],"acf":[],"aioseo_notices":[],"_links":{"self":[{"href":"https:\/\/mattech.ca\/fr\/wp-json\/wp\/v2\/product\/3452","targetHints":{"allow":["GET"]}}],"collection":[{"href":"https:\/\/mattech.ca\/fr\/wp-json\/wp\/v2\/product"}],"about":[{"href":"https:\/\/mattech.ca\/fr\/wp-json\/wp\/v2\/types\/product"}],"wp:featuredmedia":[{"embeddable":true,"href":"https:\/\/mattech.ca\/fr\/wp-json\/wp\/v2\/media\/6350"}],"wp:attachment":[{"href":"https:\/\/mattech.ca\/fr\/wp-json\/wp\/v2\/media?parent=3452"}],"wp:term":[{"taxonomy":"product_cat","embeddable":true,"href":"https:\/\/mattech.ca\/fr\/wp-json\/wp\/v2\/product_cat?post=3452"},{"taxonomy":"product_tag","embeddable":true,"href":"https:\/\/mattech.ca\/fr\/wp-json\/wp\/v2\/product_tag?post=3452"}],"curies":[{"name":"wp","href":"https:\/\/api.w.org\/{rel}","templated":true}]}}