{"id":3407,"date":"2020-12-11T16:51:33","date_gmt":"2021-02-05T18:06:04","guid":{"rendered":"https:\/\/mattech.ca\/?post_type=product&#038;p=3407"},"modified":"2023-04-05T07:24:07","modified_gmt":"2023-04-05T11:24:07","slug":"sheer-grip","status":"publish","type":"product","link":"https:\/\/mattech.ca\/fr\/produit\/sheer-grip\/","title":{"rendered":"Sheer Grip"},"content":{"rendered":"<p>Tapis permettant d\u2019am\u00e9liorer la s\u00e9curit\u00e9 dans les endroits mouill\u00e9s et glissants<\/p>\n<ul>\n<li>Exemples d\u2019applications: piscine, vestiaire, douche, chambre froide\u2026<\/li>\n<li>Surface textur\u00e9e auto-drainante assurant une bonne adh\u00e9rence et un confort pour les pieds<\/li>\n<li>Agent antimicrobien afin de pr\u00e9venir le d\u00e9veloppement de la moisissure et les odeurs<\/li>\n<\/ul>\n","protected":false},"excerpt":{"rendered":"<p>Tapis permettant d\u2019am\u00e9liorer la s\u00e9curit\u00e9 dans les endroits mouill\u00e9s et glissants Exemples d\u2019applications: piscine, vestiaire, douche, chambre froide\u2026 Surface textur\u00e9e auto-drainante assurant une bonne adh\u00e9rence et un confort pour les pieds Agent antimicrobien afin de pr\u00e9venir le d\u00e9veloppement de la moisissure et les odeurs<\/p>\n","protected":false},"featured_media":6358,"template":"","meta":{"inline_featured_image":false},"product_cat":[267],"product_tag":[],"class_list":["post-3407","product","type-product","status-publish","has-post-thumbnail","hentry","product_cat-tapis-anti-fatigue","sector-commercial-fr","traffic_type-autres","fonction-specialite"],"acf":[],"aioseo_notices":[],"_links":{"self":[{"href":"https:\/\/mattech.ca\/fr\/wp-json\/wp\/v2\/product\/3407","targetHints":{"allow":["GET"]}}],"collection":[{"href":"https:\/\/mattech.ca\/fr\/wp-json\/wp\/v2\/product"}],"about":[{"href":"https:\/\/mattech.ca\/fr\/wp-json\/wp\/v2\/types\/product"}],"wp:featuredmedia":[{"embeddable":true,"href":"https:\/\/mattech.ca\/fr\/wp-json\/wp\/v2\/media\/6358"}],"wp:attachment":[{"href":"https:\/\/mattech.ca\/fr\/wp-json\/wp\/v2\/media?parent=3407"}],"wp:term":[{"taxonomy":"product_cat","embeddable":true,"href":"https:\/\/mattech.ca\/fr\/wp-json\/wp\/v2\/product_cat?post=3407"},{"taxonomy":"product_tag","embeddable":true,"href":"https:\/\/mattech.ca\/fr\/wp-json\/wp\/v2\/product_tag?post=3407"}],"curies":[{"name":"wp","href":"https:\/\/api.w.org\/{rel}","templated":true}]}}