{"id":3355,"date":"2020-12-11T15:47:53","date_gmt":"2021-02-05T18:00:59","guid":{"rendered":"https:\/\/mattech.ca\/?post_type=product&#038;p=3355"},"modified":"2024-02-28T14:32:46","modified_gmt":"2024-02-28T19:32:46","slug":"foodmaster","status":"publish","type":"product","link":"https:\/\/mattech.ca\/fr\/produit\/foodmaster\/","title":{"rendered":"Foodmaster"},"content":{"rendered":"<p>Le meilleur tapis anti-fatigue pour les endroits de pr\u00e9parations alimentaires<\/p>\n<ul>\n<li>Exemples d\u2019applications: boulangerie, bar, station de pr\u00e9paration d\u2019aliments\u2026<\/li>\n<li>Surface de nitrile combin\u00e9e \u00e0 une mousse Zedlan \u00e9nergisante combinant souplesse, r\u00e9silience et durabilit\u00e9 pour un soulagement exceptionnel<\/li>\n<li>Technologie Microseptic contr\u00f4lant 99.9% des bact\u00e9ries et favorisant un espace de travail aseptis\u00e9, confortable et s\u00e9curitaire<\/li>\n<\/ul>\n","protected":false},"excerpt":{"rendered":"<p>Le meilleur tapis anti-fatigue pour les endroits de pr\u00e9parations alimentaires Exemples d\u2019applications: boulangerie, bar, station de pr\u00e9paration d\u2019aliments\u2026 Surface de nitrile combin\u00e9e \u00e0 une mousse Zedlan \u00e9nergisante combinant souplesse, r\u00e9silience et durabilit\u00e9 pour un soulagement exceptionnel Technologie Microseptic contr\u00f4lant 99.9% des bact\u00e9ries et favorisant un espace de travail aseptis\u00e9, confortable et s\u00e9curitaire<\/p>\n","protected":false},"featured_media":6390,"template":"","meta":{"inline_featured_image":false},"product_cat":[267],"product_tag":[],"class_list":["post-3355","product","type-product","status-publish","has-post-thumbnail","hentry","product_cat-tapis-anti-fatigue","sector-commercial-fr","traffic_type-comfort-plus","fonction-anti-fatigue-fr"],"acf":[],"aioseo_notices":[],"_links":{"self":[{"href":"https:\/\/mattech.ca\/fr\/wp-json\/wp\/v2\/product\/3355","targetHints":{"allow":["GET"]}}],"collection":[{"href":"https:\/\/mattech.ca\/fr\/wp-json\/wp\/v2\/product"}],"about":[{"href":"https:\/\/mattech.ca\/fr\/wp-json\/wp\/v2\/types\/product"}],"wp:featuredmedia":[{"embeddable":true,"href":"https:\/\/mattech.ca\/fr\/wp-json\/wp\/v2\/media\/6390"}],"wp:attachment":[{"href":"https:\/\/mattech.ca\/fr\/wp-json\/wp\/v2\/media?parent=3355"}],"wp:term":[{"taxonomy":"product_cat","embeddable":true,"href":"https:\/\/mattech.ca\/fr\/wp-json\/wp\/v2\/product_cat?post=3355"},{"taxonomy":"product_tag","embeddable":true,"href":"https:\/\/mattech.ca\/fr\/wp-json\/wp\/v2\/product_tag?post=3355"}],"curies":[{"name":"wp","href":"https:\/\/api.w.org\/{rel}","templated":true}]}}