{"id":3317,"date":"2020-12-11T14:41:33","date_gmt":"2021-02-05T17:57:36","guid":{"rendered":"https:\/\/mattech.ca\/?post_type=product&#038;p=3317"},"modified":"2024-02-28T14:31:36","modified_gmt":"2024-02-28T19:31:36","slug":"elegance","status":"publish","type":"product","link":"https:\/\/mattech.ca\/fr\/produit\/elegance\/","title":{"rendered":"Elegance"},"content":{"rendered":"<p>Tapis anti-fatigue le plus \u00e9l\u00e9gant sur le march\u00e9<\/p>\n<ul>\n<li>Exemples d\u2019applications: pharmacie, dentiste, clinique m\u00e9dicale, h\u00f4tel\u2026<\/li>\n<li>Mousse de technologie Zedlan \u00e9nergisante combinant souplesse et r\u00e9silience pour un soulagement exceptionnel<\/li>\n<li>Endos de mousse Zedlan certifi\u00e9 NFSI procurant une adh\u00e9rence accrue au sol<\/li>\n<\/ul>\n","protected":false},"excerpt":{"rendered":"<p>Tapis anti-fatigue le plus \u00e9l\u00e9gant sur le march\u00e9 Exemples d\u2019applications: pharmacie, dentiste, clinique m\u00e9dicale, h\u00f4tel\u2026 Mousse de technologie Zedlan \u00e9nergisante combinant souplesse et r\u00e9silience pour un soulagement exceptionnel Endos de mousse Zedlan certifi\u00e9 NFSI procurant une adh\u00e9rence accrue au sol<\/p>\n","protected":false},"featured_media":6364,"template":"","meta":{"inline_featured_image":false},"product_cat":[267],"product_tag":[],"class_list":["post-3317","product","type-product","status-publish","has-post-thumbnail","hentry","product_cat-tapis-anti-fatigue","sector-commercial-fr","traffic_type-comfort-plus","fonction-anti-fatigue-fr"],"acf":[],"aioseo_notices":[],"_links":{"self":[{"href":"https:\/\/mattech.ca\/fr\/wp-json\/wp\/v2\/product\/3317","targetHints":{"allow":["GET"]}}],"collection":[{"href":"https:\/\/mattech.ca\/fr\/wp-json\/wp\/v2\/product"}],"about":[{"href":"https:\/\/mattech.ca\/fr\/wp-json\/wp\/v2\/types\/product"}],"wp:featuredmedia":[{"embeddable":true,"href":"https:\/\/mattech.ca\/fr\/wp-json\/wp\/v2\/media\/6364"}],"wp:attachment":[{"href":"https:\/\/mattech.ca\/fr\/wp-json\/wp\/v2\/media?parent=3317"}],"wp:term":[{"taxonomy":"product_cat","embeddable":true,"href":"https:\/\/mattech.ca\/fr\/wp-json\/wp\/v2\/product_cat?post=3317"},{"taxonomy":"product_tag","embeddable":true,"href":"https:\/\/mattech.ca\/fr\/wp-json\/wp\/v2\/product_tag?post=3317"}],"curies":[{"name":"wp","href":"https:\/\/api.w.org\/{rel}","templated":true}]}}