{"id":3268,"date":"2020-12-09T10:09:12","date_gmt":"2021-02-05T16:49:01","guid":{"rendered":"https:\/\/mattech.ca\/?post_type=product&#038;p=3268"},"modified":"2023-05-30T10:25:40","modified_gmt":"2023-05-30T14:25:40","slug":"super-soaker","status":"publish","type":"product","link":"https:\/\/mattech.ca\/fr\/produit\/super-soaker\/","title":{"rendered":"Super Soaker"},"content":{"rendered":"<p>Tapis de caoutchouc classique offrant une durabilit\u00e9 am\u00e9lior\u00e9e<\/p>\n<ul>\n<li>Exemples d\u2019applications: concessionnaire automobile, \u00e9glise, petit magasin de d\u00e9tail, restaurant\u2026<\/li>\n<li>Tapis moul\u00e9 avec bordures et motifs gaufr\u00e9s r\u00e9sistant \u00e0 l\u2019\u00e9crasement<\/li>\n<li>Endos de caoutchouc recycl\u00e9 antid\u00e9rapant textur\u00e9 maintiennent efficacement la carpette au sol<\/li>\n<\/ul>\n","protected":false},"excerpt":{"rendered":"<p>Tapis de caoutchouc classique offrant une durabilit\u00e9 am\u00e9lior\u00e9e Exemples d\u2019applications: concessionnaire automobile, \u00e9glise, petit magasin de d\u00e9tail, restaurant\u2026 Tapis moul\u00e9 avec bordures et motifs gaufr\u00e9s r\u00e9sistant \u00e0 l\u2019\u00e9crasement Endos de caoutchouc recycl\u00e9 antid\u00e9rapant textur\u00e9 maintiennent efficacement la carpette au sol<\/p>\n","protected":false},"featured_media":6396,"template":"","meta":{"inline_featured_image":false},"product_cat":[71],"product_tag":[],"class_list":["post-3268","product","type-product","status-publish","has-post-thumbnail","hentry","product_cat-tapis-dentree","sector-commercial-fr","traffic_type-classique","fonction-essuie-pieds-gratte-pieds"],"acf":[],"aioseo_notices":[],"_links":{"self":[{"href":"https:\/\/mattech.ca\/fr\/wp-json\/wp\/v2\/product\/3268","targetHints":{"allow":["GET"]}}],"collection":[{"href":"https:\/\/mattech.ca\/fr\/wp-json\/wp\/v2\/product"}],"about":[{"href":"https:\/\/mattech.ca\/fr\/wp-json\/wp\/v2\/types\/product"}],"wp:featuredmedia":[{"embeddable":true,"href":"https:\/\/mattech.ca\/fr\/wp-json\/wp\/v2\/media\/6396"}],"wp:attachment":[{"href":"https:\/\/mattech.ca\/fr\/wp-json\/wp\/v2\/media?parent=3268"}],"wp:term":[{"taxonomy":"product_cat","embeddable":true,"href":"https:\/\/mattech.ca\/fr\/wp-json\/wp\/v2\/product_cat?post=3268"},{"taxonomy":"product_tag","embeddable":true,"href":"https:\/\/mattech.ca\/fr\/wp-json\/wp\/v2\/product_tag?post=3268"}],"curies":[{"name":"wp","href":"https:\/\/api.w.org\/{rel}","templated":true}]}}