{"id":3144,"date":"2020-10-27T09:57:40","date_gmt":"2021-02-05T16:39:39","guid":{"rendered":"https:\/\/mattech.ca\/?post_type=product&#038;p=3144"},"modified":"2023-04-04T15:58:05","modified_gmt":"2023-04-04T19:58:05","slug":"eco-step","status":"publish","type":"product","link":"https:\/\/mattech.ca\/fr\/produit\/eco-step\/","title":{"rendered":"Eco Step"},"content":{"rendered":"<p>\u00c9cologique et \u00e9conomique<\/p>\n<ul>\n<li>Exemples d\u2019applications: couloir de garderie, aire d\u2019attente de restaurant, all\u00e9e de magasin de d\u00e9tail\u2026<\/li>\n<li>Surface compos\u00e9e de 100% de fibres recycl\u00e9es<\/li>\n<li>Une solution \u00e9conomique et s\u00e9curitaire \u00e0 longueur d\u2019ann\u00e9e pour les planchers mouill\u00e9s<\/li>\n<\/ul>\n","protected":false},"excerpt":{"rendered":"<p>\u00c9cologique et \u00e9conomique Exemples d\u2019applications: couloir de garderie, aire d\u2019attente de restaurant, all\u00e9e de magasin de d\u00e9tail\u2026 Surface compos\u00e9e de 100% de fibres recycl\u00e9es Une solution \u00e9conomique et s\u00e9curitaire \u00e0 longueur d\u2019ann\u00e9e pour les planchers mouill\u00e9s<\/p>\n","protected":false},"featured_media":6402,"template":"","meta":{"inline_featured_image":false},"product_cat":[71],"product_tag":[],"class_list":["post-3144","product","type-product","status-publish","has-post-thumbnail","hentry","product_cat-tapis-dentree","sector-residentiel","sector-commercial-fr","traffic_type-valeur","fonction-essuie-pieds"],"acf":[],"aioseo_notices":[],"_links":{"self":[{"href":"https:\/\/mattech.ca\/fr\/wp-json\/wp\/v2\/product\/3144","targetHints":{"allow":["GET"]}}],"collection":[{"href":"https:\/\/mattech.ca\/fr\/wp-json\/wp\/v2\/product"}],"about":[{"href":"https:\/\/mattech.ca\/fr\/wp-json\/wp\/v2\/types\/product"}],"wp:featuredmedia":[{"embeddable":true,"href":"https:\/\/mattech.ca\/fr\/wp-json\/wp\/v2\/media\/6402"}],"wp:attachment":[{"href":"https:\/\/mattech.ca\/fr\/wp-json\/wp\/v2\/media?parent=3144"}],"wp:term":[{"taxonomy":"product_cat","embeddable":true,"href":"https:\/\/mattech.ca\/fr\/wp-json\/wp\/v2\/product_cat?post=3144"},{"taxonomy":"product_tag","embeddable":true,"href":"https:\/\/mattech.ca\/fr\/wp-json\/wp\/v2\/product_tag?post=3144"}],"curies":[{"name":"wp","href":"https:\/\/api.w.org\/{rel}","templated":true}]}}