{"id":3082,"date":"2020-10-27T08:43:30","date_gmt":"2021-02-05T16:33:44","guid":{"rendered":"https:\/\/mattech.ca\/?post_type=product&#038;p=3082"},"modified":"2023-05-30T10:28:37","modified_gmt":"2023-05-30T14:28:37","slug":"three-n-one","status":"publish","type":"product","link":"https:\/\/mattech.ca\/fr\/produit\/three-n-one\/","title":{"rendered":"Three N One"},"content":{"rendered":"<p>Versatile, Efficace et Economique<\/p>\n<ul>\n<li>Exemples d\u2019applications: boutique, salon de coiffure, dentiste\u2026<\/li>\n<li>Combinaison de fibres douces et rugueuses pour un \u00e9quilibre parfait entre le grattage et l\u2019essuyage<\/li>\n<li>Surface attrayante boucl\u00e9es 2 tons qui camouflant la salet\u00e9 tout en gardant votre entr\u00e9e impeccable<\/li>\n<\/ul>\n","protected":false},"excerpt":{"rendered":"<p>Versatile, Efficace et Economique Exemples d\u2019applications: boutique, salon de coiffure, dentiste\u2026 Combinaison de fibres douces et rugueuses pour un \u00e9quilibre parfait entre le grattage et l\u2019essuyage Surface attrayante boucl\u00e9es 2 tons qui camouflant la salet\u00e9 tout en gardant votre entr\u00e9e impeccable<\/p>\n","protected":false},"featured_media":6406,"template":"","meta":{"inline_featured_image":false},"product_cat":[71],"product_tag":[],"class_list":["post-3082","product","type-product","status-publish","has-post-thumbnail","hentry","product_cat-tapis-dentree","sector-residentiel","sector-commercial-fr","traffic_type-valeur","fonction-essuie-pieds-gratte-pieds"],"acf":[],"aioseo_notices":[],"_links":{"self":[{"href":"https:\/\/mattech.ca\/fr\/wp-json\/wp\/v2\/product\/3082","targetHints":{"allow":["GET"]}}],"collection":[{"href":"https:\/\/mattech.ca\/fr\/wp-json\/wp\/v2\/product"}],"about":[{"href":"https:\/\/mattech.ca\/fr\/wp-json\/wp\/v2\/types\/product"}],"wp:featuredmedia":[{"embeddable":true,"href":"https:\/\/mattech.ca\/fr\/wp-json\/wp\/v2\/media\/6406"}],"wp:attachment":[{"href":"https:\/\/mattech.ca\/fr\/wp-json\/wp\/v2\/media?parent=3082"}],"wp:term":[{"taxonomy":"product_cat","embeddable":true,"href":"https:\/\/mattech.ca\/fr\/wp-json\/wp\/v2\/product_cat?post=3082"},{"taxonomy":"product_tag","embeddable":true,"href":"https:\/\/mattech.ca\/fr\/wp-json\/wp\/v2\/product_tag?post=3082"}],"curies":[{"name":"wp","href":"https:\/\/api.w.org\/{rel}","templated":true}]}}