{"id":3047,"date":"2020-10-27T08:38:55","date_gmt":"2021-02-05T16:28:56","guid":{"rendered":"https:\/\/mattech.ca\/?post_type=product&#038;p=3047"},"modified":"2023-04-04T15:56:22","modified_gmt":"2023-04-04T19:56:22","slug":"needle-rib","status":"publish","type":"product","link":"https:\/\/mattech.ca\/fr\/produit\/needle-rib\/","title":{"rendered":"Needle Rib"},"content":{"rendered":"<p>Tapis \u00e0 motif populaire et multidirectionnel<\/p>\n<ul>\n<li>Exemples d\u2019applications: boutique, salon de coiffure, dentiste\u2026<\/li>\n<li>Motif lin\u00e9aire grattant doucement la salet\u00e9 des souliers et retenant l\u2019eau<\/li>\n<li>Surface compos\u00e9e \u00e0 50% de fibres recycl\u00e9es<\/li>\n<\/ul>\n","protected":false},"excerpt":{"rendered":"<p>Tapis \u00e0 motif populaire et multidirectionnel Exemples d\u2019applications: boutique, salon de coiffure, dentiste\u2026 Motif lin\u00e9aire grattant doucement la salet\u00e9 des souliers et retenant l\u2019eau Surface compos\u00e9e \u00e0 50% de fibres recycl\u00e9es<\/p>\n","protected":false},"featured_media":6410,"template":"","meta":{"inline_featured_image":false},"product_cat":[71],"product_tag":[],"class_list":["post-3047","product","type-product","status-publish","has-post-thumbnail","hentry","product_cat-tapis-dentree","sector-residentiel","sector-commercial-fr","traffic_type-valeur","fonction-essuie-pieds-gratte-pieds"],"acf":[],"aioseo_notices":[],"_links":{"self":[{"href":"https:\/\/mattech.ca\/fr\/wp-json\/wp\/v2\/product\/3047","targetHints":{"allow":["GET"]}}],"collection":[{"href":"https:\/\/mattech.ca\/fr\/wp-json\/wp\/v2\/product"}],"about":[{"href":"https:\/\/mattech.ca\/fr\/wp-json\/wp\/v2\/types\/product"}],"wp:featuredmedia":[{"embeddable":true,"href":"https:\/\/mattech.ca\/fr\/wp-json\/wp\/v2\/media\/6410"}],"wp:attachment":[{"href":"https:\/\/mattech.ca\/fr\/wp-json\/wp\/v2\/media?parent=3047"}],"wp:term":[{"taxonomy":"product_cat","embeddable":true,"href":"https:\/\/mattech.ca\/fr\/wp-json\/wp\/v2\/product_cat?post=3047"},{"taxonomy":"product_tag","embeddable":true,"href":"https:\/\/mattech.ca\/fr\/wp-json\/wp\/v2\/product_tag?post=3047"}],"curies":[{"name":"wp","href":"https:\/\/api.w.org\/{rel}","templated":true}]}}