{"id":2929,"date":"2020-10-27T08:17:19","date_gmt":"2021-02-05T16:09:45","guid":{"rendered":"https:\/\/mattech.ca\/?post_type=product&#038;p=2929"},"modified":"2023-05-30T10:21:22","modified_gmt":"2023-05-30T14:21:22","slug":"superluxe","status":"publish","type":"product","link":"https:\/\/mattech.ca\/fr\/produit\/superluxe\/","title":{"rendered":"Superluxe"},"content":{"rendered":"<p>Carpette essuie-pieds de luxe fabriqu\u00e9 \u00e0 partir de fibres denses et compacts<\/p>\n<ul>\n<li>Exemples d\u2019applications: couloir de garderie, aire d\u2019attente de restaurant, all\u00e9e de magasin de d\u00e9tail\u2026<\/li>\n<li>Gamme compl\u00e8te de couleurs r\u00e9sistant \u00e0 la d\u00e9coloration s\u2019agancant avec votre d\u00e9cor<\/li>\n<li>Solution classique offrant une excellente r\u00e9tention d\u2019eau<\/li>\n<\/ul>\n","protected":false},"excerpt":{"rendered":"<p>Carpette essuie-pieds de luxe fabriqu\u00e9 \u00e0 partir de fibres denses et compacts Exemples d\u2019applications: couloir de garderie, aire d\u2019attente de restaurant, all\u00e9e de magasin de d\u00e9tail\u2026 Gamme compl\u00e8te de couleurs r\u00e9sistant \u00e0 la d\u00e9coloration s\u2019agancant avec votre d\u00e9cor Solution classique offrant une excellente r\u00e9tention d\u2019eau<\/p>\n","protected":false},"featured_media":6415,"template":"","meta":{"inline_featured_image":false},"product_cat":[71],"product_tag":[],"class_list":["post-2929","product","type-product","status-publish","has-post-thumbnail","hentry","product_cat-tapis-dentree","sector-commercial-fr","traffic_type-classique","fonction-essuie-pieds"],"acf":[],"aioseo_notices":[],"_links":{"self":[{"href":"https:\/\/mattech.ca\/fr\/wp-json\/wp\/v2\/product\/2929","targetHints":{"allow":["GET"]}}],"collection":[{"href":"https:\/\/mattech.ca\/fr\/wp-json\/wp\/v2\/product"}],"about":[{"href":"https:\/\/mattech.ca\/fr\/wp-json\/wp\/v2\/types\/product"}],"wp:featuredmedia":[{"embeddable":true,"href":"https:\/\/mattech.ca\/fr\/wp-json\/wp\/v2\/media\/6415"}],"wp:attachment":[{"href":"https:\/\/mattech.ca\/fr\/wp-json\/wp\/v2\/media?parent=2929"}],"wp:term":[{"taxonomy":"product_cat","embeddable":true,"href":"https:\/\/mattech.ca\/fr\/wp-json\/wp\/v2\/product_cat?post=2929"},{"taxonomy":"product_tag","embeddable":true,"href":"https:\/\/mattech.ca\/fr\/wp-json\/wp\/v2\/product_tag?post=2929"}],"curies":[{"name":"wp","href":"https:\/\/api.w.org\/{rel}","templated":true}]}}