{"id":2853,"date":"2020-10-27T07:45:49","date_gmt":"2021-02-05T16:06:01","guid":{"rendered":"https:\/\/mattech.ca\/?post_type=product&#038;p=2853"},"modified":"2023-04-04T15:48:34","modified_gmt":"2023-04-04T19:48:34","slug":"terra-nova","status":"publish","type":"product","link":"https:\/\/mattech.ca\/fr\/produit\/terra-nova\/","title":{"rendered":"Terra Nova"},"content":{"rendered":"<p>Distingu\u00e9, ce tapis sera appr\u00e9ci\u00e9 par son allure prestigieuse<\/p>\n<ul>\n<li>Exemples d\u2019applications: restaurant, mus\u00e9e, magasin de d\u00e9tail\u2026<\/li>\n<li>Surface boucl\u00e9e et dense offrant une excellente r\u00e9tention d\u2019eau et une r\u00e9sistance \u00e0 l\u2019\u00e9crasement pour pr\u00e9server un bel aspect plus longtemps<\/li>\n<li>Endos ThermoFlex+ de qualit\u00e9 sup\u00e9rieure offrant une protection antibact\u00e9rienne de 99.9%<\/li>\n<\/ul>\n","protected":false},"excerpt":{"rendered":"<p>Distingu\u00e9, ce tapis sera appr\u00e9ci\u00e9 par son allure prestigieuse Exemples d\u2019applications: restaurant, mus\u00e9e, magasin de d\u00e9tail\u2026 Surface boucl\u00e9e et dense offrant une excellente r\u00e9tention d\u2019eau et une r\u00e9sistance \u00e0 l\u2019\u00e9crasement pour pr\u00e9server un bel aspect plus longtemps Endos ThermoFlex+ de qualit\u00e9 sup\u00e9rieure offrant une protection antibact\u00e9rienne de 99.9%<\/p>\n","protected":false},"featured_media":6417,"template":"","meta":{"inline_featured_image":false},"product_cat":[71],"product_tag":[],"class_list":["post-2853","product","type-product","status-publish","has-post-thumbnail","hentry","product_cat-tapis-dentree","sector-commercial-fr","traffic_type-classique","fonction-essuie-pieds"],"acf":[],"aioseo_notices":[],"_links":{"self":[{"href":"https:\/\/mattech.ca\/fr\/wp-json\/wp\/v2\/product\/2853","targetHints":{"allow":["GET"]}}],"collection":[{"href":"https:\/\/mattech.ca\/fr\/wp-json\/wp\/v2\/product"}],"about":[{"href":"https:\/\/mattech.ca\/fr\/wp-json\/wp\/v2\/types\/product"}],"wp:featuredmedia":[{"embeddable":true,"href":"https:\/\/mattech.ca\/fr\/wp-json\/wp\/v2\/media\/6417"}],"wp:attachment":[{"href":"https:\/\/mattech.ca\/fr\/wp-json\/wp\/v2\/media?parent=2853"}],"wp:term":[{"taxonomy":"product_cat","embeddable":true,"href":"https:\/\/mattech.ca\/fr\/wp-json\/wp\/v2\/product_cat?post=2853"},{"taxonomy":"product_tag","embeddable":true,"href":"https:\/\/mattech.ca\/fr\/wp-json\/wp\/v2\/product_tag?post=2853"}],"curies":[{"name":"wp","href":"https:\/\/api.w.org\/{rel}","templated":true}]}}